{"id":3324,"date":"2025-02-10T12:55:41","date_gmt":"2025-02-10T12:55:41","guid":{"rendered":"https:\/\/vilenica.forwardapps.si\/pianifica-la-visita\/altre-attrazioni\/"},"modified":"2025-04-22T07:09:14","modified_gmt":"2025-04-22T07:09:14","slug":"altre-attrazioni","status":"publish","type":"page","link":"https:\/\/vilenica.com\/it\/pianifica-la-visita\/altre-attrazioni\/","title":{"rendered":"Altre attrazioni"},"content":{"rendered":"\t\t<div data-elementor-type=\"wp-page\" data-elementor-id=\"3324\" class=\"elementor elementor-3324 elementor-676\" data-elementor-post-type=\"page\">\n\t\t\t\t<div class=\"elementor-element elementor-element-0d33331 e-flex e-con-boxed e-con e-parent\" data-id=\"0d33331\" data-element_type=\"container\" data-e-type=\"container\" data-settings=\"{&quot;jet_parallax_layout_list&quot;:[]}\">\n\t\t\t\t\t<div class=\"e-con-inner\">\n\t\t\t\t<div class=\"elementor-element elementor-element-6b9a36a elementor-widget elementor-widget-text-editor\" data-id=\"6b9a36a\" data-element_type=\"widget\" data-e-type=\"widget\" data-widget_type=\"text-editor.default\">\n\t\t\t\t<div class=\"elementor-widget-container\">\n\t\t\t\t\t\t\t\t\t<p>Nelle immediate vicinanze di Vilenica e nei dintorni ci sono numerose attrazioni che vale la pena visitare. Di seguito ne abbiamo selezionate alcune tra le pi\u00f9 note. <\/p>\t\t\t\t\t\t\t\t<\/div>\n\t\t\t\t<\/div>\n\t\t\t\t<div class=\"elementor-element elementor-element-d439433 elementor-widget elementor-widget-heading\" data-id=\"d439433\" data-element_type=\"widget\" data-e-type=\"widget\" data-widget_type=\"heading.default\">\n\t\t\t\t<div class=\"elementor-widget-container\">\n\t\t\t\t\t<h3 class=\"elementor-heading-title elementor-size-default\">SCUDERIA LIPICA<\/h3>\t\t\t\t<\/div>\n\t\t\t\t<\/div>\n\t\t\t\t<div class=\"elementor-element elementor-element-3da761e elementor-widget elementor-widget-text-editor\" data-id=\"3da761e\" data-element_type=\"widget\" data-e-type=\"widget\" data-widget_type=\"text-editor.default\">\n\t\t\t\t<div class=\"elementor-widget-container\">\n\t\t\t\t\t\t\t\t\t<p>La scuderia Lipica \u00e8 la patria dei Lipizzani, una delle razze equine culturali pi\u00f9 antiche. Il monumento storico-culturale \u00e8 stato fondato nel 1580 e da allora l&#8217;intera disposizione degli spazi \u00e8 stata adattata alla sua attivit\u00e0 principale \u2013 l&#8217;allevamento dei Lipizzani. <\/p>\t\t\t\t\t\t\t\t<\/div>\n\t\t\t\t<\/div>\n\t\t\t\t<div class=\"elementor-element elementor-element-edae8e9 elementor-widget elementor-widget-heading\" data-id=\"edae8e9\" data-element_type=\"widget\" data-e-type=\"widget\" data-widget_type=\"heading.default\">\n\t\t\t\t<div class=\"elementor-widget-container\">\n\t\t\t\t\t<h3 class=\"elementor-heading-title elementor-size-default\">MUSEO MILITARE TABOR LOKEV<\/h3>\t\t\t\t<\/div>\n\t\t\t\t<\/div>\n\t\t\t\t<div class=\"elementor-element elementor-element-3a8e43c elementor-widget elementor-widget-text-editor\" data-id=\"3a8e43c\" data-element_type=\"widget\" data-e-type=\"widget\" data-widget_type=\"text-editor.default\">\n\t\t\t\t<div class=\"elementor-widget-container\">\n\t\t\t\t\t\t\t\t\t<p>Il Museo militare \u00e8 ospitato nella torre di difesa \u2013 Tabor, costruita nel 1485. Il museo presenta la Prima e la Seconda guerra mondiale attraverso una straordinaria collezione di uniformi, nonch\u00e9 di armi ed equipaggiamenti correlati. <\/p>\t\t\t\t\t\t\t\t<\/div>\n\t\t\t\t<\/div>\n\t\t\t\t<div class=\"elementor-element elementor-element-aeb2e4c elementor-widget elementor-widget-heading\" data-id=\"aeb2e4c\" data-element_type=\"widget\" data-e-type=\"widget\" data-widget_type=\"heading.default\">\n\t\t\t\t<div class=\"elementor-widget-container\">\n\t\t\t\t\t<h3 class=\"elementor-heading-title elementor-size-default\">PR\u0160UTARNA LOKEV S\u2019KRASA<\/h3>\t\t\t\t<\/div>\n\t\t\t\t<\/div>\n\t\t\t\t<div class=\"elementor-element elementor-element-ea264a6 elementor-widget elementor-widget-text-editor\" data-id=\"ea264a6\" data-element_type=\"widget\" data-e-type=\"widget\" data-widget_type=\"text-editor.default\">\n\t\t\t\t<div class=\"elementor-widget-container\">\n\t\t\t\t\t\t\t\t\t<p>Pr\u0161utarna Lokev s&#8217;Krasa \u00e8 considerato il pi\u00f9 antico prosciuttificio del Carso sloveno. Gi\u00e0 da secoli, in questa zona scarsamente vegetata nelle immediate vicinanze di Lipica, all&#8217;inizio di novembre, i contadini preparano specialit\u00e0 di carne del Carso con metodi tradizionali. <\/p>\t\t\t\t\t\t\t\t<\/div>\n\t\t\t\t<\/div>\n\t\t\t\t<div class=\"elementor-element elementor-element-1ff0ed0 elementor-widget elementor-widget-heading\" data-id=\"1ff0ed0\" data-element_type=\"widget\" data-e-type=\"widget\" data-widget_type=\"heading.default\">\n\t\t\t\t<div class=\"elementor-widget-container\">\n\t\t\t\t\t<h3 class=\"elementor-heading-title elementor-size-default\">GIARDINO BOTANICO DI SE\u017dANA<\/h3>\t\t\t\t<\/div>\n\t\t\t\t<\/div>\n\t\t\t\t<div class=\"elementor-element elementor-element-5e5a080 elementor-widget elementor-widget-text-editor\" data-id=\"5e5a080\" data-element_type=\"widget\" data-e-type=\"widget\" data-widget_type=\"text-editor.default\">\n\t\t\t\t<div class=\"elementor-widget-container\">\n\t\t\t\t\t\t\t\t\t<p>Gli inizi del giardino botanico di Se\u017eana risalgono al 1848. Inizi\u00f2 ad allestirlo il triestino Giovanni Scaramang\u00e0 di Hiccolo Cavaliere ai margini della sua Villa Mirasasso. Poich\u00e9 era un grande amante della botanica, coltiv\u00f2 nel giardino specie vegetali provenienti da diverse parti del mondo, che ancora oggi prosperano qui e possono essere scoperte passeggiando nel parco. Il giardino botanico con il suo splendido palmarium e il centro interpretativo \u00e8 una piacevole tappa durante l&#8217;esplorazione del Carso.   <\/p>\t\t\t\t\t\t\t\t<\/div>\n\t\t\t\t<\/div>\n\t\t\t\t<div class=\"elementor-element elementor-element-c125fd1 elementor-widget elementor-widget-heading\" data-id=\"c125fd1\" data-element_type=\"widget\" data-e-type=\"widget\" data-widget_type=\"heading.default\">\n\t\t\t\t<div class=\"elementor-widget-container\">\n\t\t\t\t\t<h3 class=\"elementor-heading-title elementor-size-default\">CASA NATIA DI KOSOVEL, TOMAJ<\/h3>\t\t\t\t<\/div>\n\t\t\t\t<\/div>\n\t\t\t\t<div class=\"elementor-element elementor-element-6ceae7e elementor-widget elementor-widget-text-editor\" data-id=\"6ceae7e\" data-element_type=\"widget\" data-e-type=\"widget\" data-widget_type=\"text-editor.default\">\n\t\t\t\t<div class=\"elementor-widget-container\">\n\t\t\t\t\t\t\t\t\t<p>Nel villaggio di Tomaj sorge la Casa natia di Kosovel, dove il famoso poeta sloveno Sre\u010dko Kosovel (1904\u20131926) trascorse parte della sua giovinezza. Nella casa sono esposti gli effetti personali parzialmente conservati del poeta e l&#8217;arredamento dell&#8217;intera famiglia. <\/p>\t\t\t\t\t\t\t\t<\/div>\n\t\t\t\t<\/div>\n\t\t\t\t<div class=\"elementor-element elementor-element-0ea005c elementor-widget elementor-widget-heading\" data-id=\"0ea005c\" data-element_type=\"widget\" data-e-type=\"widget\" data-widget_type=\"heading.default\">\n\t\t\t\t<div class=\"elementor-widget-container\">\n\t\t\t\t\t<h3 class=\"elementor-heading-title elementor-size-default\">\u0160TANJEL<\/h3>\t\t\t\t<\/div>\n\t\t\t\t<\/div>\n\t\t\t\t<div class=\"elementor-element elementor-element-9beb1a1 elementor-widget elementor-widget-text-editor\" data-id=\"9beb1a1\" data-element_type=\"widget\" data-e-type=\"widget\" data-widget_type=\"text-editor.default\">\n\t\t\t\t<div class=\"elementor-widget-container\">\n\t\t\t\t\t\t\t\t\t<p>\u0160tanjel \u00e8 uno degli insediamenti pi\u00f9 antichi del Carso, noto soprattutto per il suo centro storico medievale. La maggior parte delle caratteristiche architettoniche degli edifici risalgono ai secoli XVI e XVII, quando l&#8217;insediamento raggiunse l&#8217;apice del suo sviluppo. Un segno importante nell&#8217;architettura nel periodo tra le due guerre \u00e8 stata lasciato anche dall&#8217;architetto Maks Fabiani. Attraverso monti e valli carsiche \u00e8 stato allestito anche il sentiero fiabesco Il Carso dei Folletti.     <\/p>\t\t\t\t\t\t\t\t<\/div>\n\t\t\t\t<\/div>\n\t\t\t\t<div class=\"elementor-element elementor-element-7ef45d2 elementor-widget elementor-widget-heading\" data-id=\"7ef45d2\" data-element_type=\"widget\" data-e-type=\"widget\" data-widget_type=\"heading.default\">\n\t\t\t\t<div class=\"elementor-widget-container\">\n\t\t\t\t\t<h3 class=\"elementor-heading-title elementor-size-default\">IL MUSEO DEGLI ATTORI CINEMATOGRAFICI SLOVENI, DIVA\u010cA<\/h3>\t\t\t\t<\/div>\n\t\t\t\t<\/div>\n\t\t\t\t<div class=\"elementor-element elementor-element-8c145e7 elementor-widget elementor-widget-text-editor\" data-id=\"8c145e7\" data-element_type=\"widget\" data-e-type=\"widget\" data-widget_type=\"text-editor.default\">\n\t\t\t\t<div class=\"elementor-widget-container\">\n\t\t\t\t\t\t\t\t\t<p>Il Museo degli attori cinematografici sloveni si trova all&#8217;interno della Casa \u0160kratelj, luogo di nascita dell&#8217;attrice slovena Ita Rina (nata Ida Kravanja (1907\u20131979)). Il museo ospita mostre dedicate alla famosa attrice e ad attori e attrici cinematografici sloveni.<\/p>\t\t\t\t\t\t\t\t<\/div>\n\t\t\t\t<\/div>\n\t\t\t\t<div class=\"elementor-element elementor-element-24d5954 elementor-widget elementor-widget-heading\" data-id=\"24d5954\" data-element_type=\"widget\" data-e-type=\"widget\" data-widget_type=\"heading.default\">\n\t\t\t\t<div class=\"elementor-widget-container\">\n\t\t\t\t\t<h3 class=\"elementor-heading-title elementor-size-default\">PARCO DELLE GROTTE DI \u0160KOCJAN<\/h3>\t\t\t\t<\/div>\n\t\t\t\t<\/div>\n\t\t\t\t<div class=\"elementor-element elementor-element-ffaa5c5 elementor-widget elementor-widget-text-editor\" data-id=\"ffaa5c5\" data-element_type=\"widget\" data-e-type=\"widget\" data-widget_type=\"text-editor.default\">\n\t\t\t\t<div class=\"elementor-widget-container\">\n\t\t\t\t\t\t\t\t\t<p>Le Grotte di \u0160kocjan sono un sistema di grotte che per la loro importanza naturale e culturale \u00e8 stato inserito nella Lista del Patrimonio Mondiale dell&#8217;UNESCO. Il sistema di grotte \u00e8 rappresentato dall&#8217;inghiottitoio del fiume Reka interno, da valli di crollo, da sale sotterranee e da un magnifico canyon. <\/p>\t\t\t\t\t\t\t\t<\/div>\n\t\t\t\t<\/div>\n\t\t\t\t<div class=\"elementor-element elementor-element-113d288 elementor-widget elementor-widget-heading\" data-id=\"113d288\" data-element_type=\"widget\" data-e-type=\"widget\" data-widget_type=\"heading.default\">\n\t\t\t\t<div class=\"elementor-widget-container\">\n\t\t\t\t\t<h3 class=\"elementor-heading-title elementor-size-default\">LA GROTTA DIVA\u010cA<\/h3>\t\t\t\t<\/div>\n\t\t\t\t<\/div>\n\t\t\t\t<div class=\"elementor-element elementor-element-38e20e4 elementor-widget elementor-widget-text-editor\" data-id=\"38e20e4\" data-element_type=\"widget\" data-e-type=\"widget\" data-widget_type=\"text-editor.default\">\n\t\t\t\t<div class=\"elementor-widget-container\">\n\t\t\t\t\t\t\t\t\t<p>La Grotta Diva\u010da si trova tra Diva\u010da e Lokev. \u00c8 lunga complessivamente 700 metri, ma 500 metri sono visitabili come attrazione turistica. Fu scoperta nel 1884 da Gregor \u017diberna di Diva\u010da, da cui prende il nome la locale societ\u00e0 speleologica.  <\/p>\t\t\t\t\t\t\t\t<\/div>\n\t\t\t\t<\/div>\n\t\t\t\t<div class=\"elementor-element elementor-element-05bd6a4 elementor-widget elementor-widget-heading\" data-id=\"05bd6a4\" data-element_type=\"widget\" data-e-type=\"widget\" data-widget_type=\"heading.default\">\n\t\t\t\t<div class=\"elementor-widget-container\">\n\t\t\t\t\t<h3 class=\"elementor-heading-title elementor-size-default\">MUSEO VIVENTE DEL CARSO<\/h3>\t\t\t\t<\/div>\n\t\t\t\t<\/div>\n\t\t\t\t<div class=\"elementor-element elementor-element-bc2cd72 elementor-widget elementor-widget-text-editor\" data-id=\"bc2cd72\" data-element_type=\"widget\" data-e-type=\"widget\" data-widget_type=\"text-editor.default\">\n\t\t\t\t<div class=\"elementor-widget-container\">\n\t\t\t\t\t\t\t\t\t<p>Una meraviglia nascosta della natura che custodisce un tesoro di fenomeni carsici. Il Museo vivente si estende su oltre 700 ettari e presenta i tipici fenomeni carsici \u2013 doline, polje, valli di crollo, scannellature, voragini e naturalmente le grotte sotterranee. Rappresenta il patrimonio naturale e culturale del Carso, che si estende tra Se\u017eana, Lipica e l&#8217;ex confine tra Slovenia e Italia, lungo l&#8217;asse di collegamento della vecchia strada austro-ungarica Se\u017eana\u2013Basovizza. Nell&#8217;ambito del museo sono stati allestiti sentieri tematici e ricreativi transfrontalieri e segnalati punti di interesse. L&#8217;area selezionata del Museo vivente del Carso rappresenta l&#8217;area del cosiddetto Carso classico con la pi\u00f9 alta densit\u00e0 di fenomeni carsici, con un gran numero di valori naturali protetti e di aree naturali protette.      <\/p>\t\t\t\t\t\t\t\t<\/div>\n\t\t\t\t<\/div>\n\t\t\t\t\t<\/div>\n\t\t\t\t<\/div>\n\t\t\t\t<\/div>\n\t\t","protected":false},"excerpt":{"rendered":"<p>Nelle immediate vicinanze di Vilenica e nei dintorni ci sono numerose attrazioni che vale la pena visitare. Di seguito ne abbiamo selezionate alcune tra le pi\u00f9 note. SCUDERIA LIPICA La scuderia Lipica \u00e8 la patria dei Lipizzani, una delle razze equine culturali pi\u00f9 antiche. Il monumento storico-culturale \u00e8 stato fondato nel 1580 e da allora [&hellip;]<\/p>\n","protected":false},"author":2,"featured_media":0,"parent":3221,"menu_order":0,"comment_status":"closed","ping_status":"closed","template":"","meta":{"footnotes":""},"class_list":["post-3324","page","type-page","status-publish","hentry"],"yoast_head":"<!-- This site is optimized with the Yoast SEO plugin v27.5 - https:\/\/yoast.com\/product\/yoast-seo-wordpress\/ -->\n<title>Altre attrazioni - Jama Vilenica - Scopri le bellezze nascoste<\/title>\n<meta name=\"description\" content=\"Scopri altre attrazioni vicino alla Grotta di Vilenica ed esplora le bellezze naturali e culturali che questa destinazione unica ha da offrire.\" \/>\n<meta name=\"robots\" content=\"index, follow, max-snippet:-1, max-image-preview:large, max-video-preview:-1\" \/>\n<link rel=\"canonical\" href=\"https:\/\/vilenica.com\/it\/pianifica-la-visita\/altre-attrazioni\/\" \/>\n<meta property=\"og:locale\" content=\"it_IT\" \/>\n<meta property=\"og:type\" content=\"article\" \/>\n<meta property=\"og:title\" content=\"Altre attrazioni - Jama Vilenica - Scopri le bellezze nascoste\" \/>\n<meta property=\"og:description\" content=\"Scopri altre attrazioni vicino alla Grotta di Vilenica ed esplora le bellezze naturali e culturali che questa destinazione unica ha da offrire.\" \/>\n<meta property=\"og:url\" content=\"https:\/\/vilenica.com\/it\/pianifica-la-visita\/altre-attrazioni\/\" \/>\n<meta property=\"og:site_name\" content=\"Jama Vilenica\" \/>\n<meta property=\"article:publisher\" content=\"https:\/\/www.facebook.com\/JamaVilenica\/\" \/>\n<meta property=\"article:modified_time\" content=\"2025-04-22T07:09:14+00:00\" \/>\n<meta property=\"og:image\" content=\"https:\/\/vilenica.com\/wp-content\/uploads\/2025\/02\/39102d058d75f61b69875da964984f62.webp\" \/>\n\t<meta property=\"og:image:width\" content=\"540\" \/>\n\t<meta property=\"og:image:height\" content=\"720\" \/>\n\t<meta property=\"og:image:type\" content=\"image\/webp\" \/>\n<meta name=\"twitter:card\" content=\"summary_large_image\" \/>\n<meta name=\"twitter:label1\" content=\"Tempo di lettura stimato\" \/>\n\t<meta name=\"twitter:data1\" content=\"4 minuti\" \/>\n<script type=\"application\/ld+json\" class=\"yoast-schema-graph\">{\"@context\":\"https:\\\/\\\/schema.org\",\"@graph\":[{\"@type\":\"WebPage\",\"@id\":\"https:\\\/\\\/vilenica.com\\\/it\\\/pianifica-la-visita\\\/altre-attrazioni\\\/\",\"url\":\"https:\\\/\\\/vilenica.com\\\/it\\\/pianifica-la-visita\\\/altre-attrazioni\\\/\",\"name\":\"Altre attrazioni - Jama Vilenica - Scopri le bellezze nascoste\",\"isPartOf\":{\"@id\":\"https:\\\/\\\/vilenica.com\\\/it\\\/#website\"},\"datePublished\":\"2025-02-10T12:55:41+00:00\",\"dateModified\":\"2025-04-22T07:09:14+00:00\",\"description\":\"Scopri altre attrazioni vicino alla Grotta di Vilenica ed esplora le bellezze naturali e culturali che questa destinazione unica ha da offrire.\",\"breadcrumb\":{\"@id\":\"https:\\\/\\\/vilenica.com\\\/it\\\/pianifica-la-visita\\\/altre-attrazioni\\\/#breadcrumb\"},\"inLanguage\":\"it-IT\",\"potentialAction\":[{\"@type\":\"ReadAction\",\"target\":[\"https:\\\/\\\/vilenica.com\\\/it\\\/pianifica-la-visita\\\/altre-attrazioni\\\/\"]}]},{\"@type\":\"BreadcrumbList\",\"@id\":\"https:\\\/\\\/vilenica.com\\\/it\\\/pianifica-la-visita\\\/altre-attrazioni\\\/#breadcrumb\",\"itemListElement\":[{\"@type\":\"ListItem\",\"position\":1,\"name\":\"Casa\",\"item\":\"https:\\\/\\\/vilenica.com\\\/it\\\/\"},{\"@type\":\"ListItem\",\"position\":2,\"name\":\"Pianifica la visita\",\"item\":\"https:\\\/\\\/vilenica.com\\\/it\\\/pianifica-la-visita\\\/\"},{\"@type\":\"ListItem\",\"position\":3,\"name\":\"Altre attrazioni\"}]},{\"@type\":\"WebSite\",\"@id\":\"https:\\\/\\\/vilenica.com\\\/it\\\/#website\",\"url\":\"https:\\\/\\\/vilenica.com\\\/it\\\/\",\"name\":\"Jama Vilenica\",\"description\":\"Prva turisti\u010dna jama na svetu!\",\"publisher\":{\"@id\":\"https:\\\/\\\/vilenica.com\\\/it\\\/#organization\"},\"alternateName\":\"Vilenica Jama\",\"potentialAction\":[{\"@type\":\"SearchAction\",\"target\":{\"@type\":\"EntryPoint\",\"urlTemplate\":\"https:\\\/\\\/vilenica.com\\\/it\\\/?s={search_term_string}\"},\"query-input\":{\"@type\":\"PropertyValueSpecification\",\"valueRequired\":true,\"valueName\":\"search_term_string\"}}],\"inLanguage\":\"it-IT\"},{\"@type\":\"Organization\",\"@id\":\"https:\\\/\\\/vilenica.com\\\/it\\\/#organization\",\"name\":\"Jama Vilenica\",\"alternateName\":\"Vilenica Jama\",\"url\":\"https:\\\/\\\/vilenica.com\\\/it\\\/\",\"logo\":{\"@type\":\"ImageObject\",\"inLanguage\":\"it-IT\",\"@id\":\"https:\\\/\\\/vilenica.com\\\/it\\\/#\\\/schema\\\/logo\\\/image\\\/\",\"url\":\"https:\\\/\\\/vilenica.com\\\/wp-content\\\/uploads\\\/2025\\\/02\\\/vilenica-icon.svg\",\"contentUrl\":\"https:\\\/\\\/vilenica.com\\\/wp-content\\\/uploads\\\/2025\\\/02\\\/vilenica-icon.svg\",\"width\":126,\"height\":126,\"caption\":\"Jama Vilenica\"},\"image\":{\"@id\":\"https:\\\/\\\/vilenica.com\\\/it\\\/#\\\/schema\\\/logo\\\/image\\\/\"},\"sameAs\":[\"https:\\\/\\\/www.facebook.com\\\/JamaVilenica\\\/\"]}]}<\/script>\n<!-- \/ Yoast SEO plugin. -->","yoast_head_json":{"title":"Altre attrazioni - Jama Vilenica - Scopri le bellezze nascoste","description":"Scopri altre attrazioni vicino alla Grotta di Vilenica ed esplora le bellezze naturali e culturali che questa destinazione unica ha da offrire.","robots":{"index":"index","follow":"follow","max-snippet":"max-snippet:-1","max-image-preview":"max-image-preview:large","max-video-preview":"max-video-preview:-1"},"canonical":"https:\/\/vilenica.com\/it\/pianifica-la-visita\/altre-attrazioni\/","og_locale":"it_IT","og_type":"article","og_title":"Altre attrazioni - Jama Vilenica - Scopri le bellezze nascoste","og_description":"Scopri altre attrazioni vicino alla Grotta di Vilenica ed esplora le bellezze naturali e culturali che questa destinazione unica ha da offrire.","og_url":"https:\/\/vilenica.com\/it\/pianifica-la-visita\/altre-attrazioni\/","og_site_name":"Jama Vilenica","article_publisher":"https:\/\/www.facebook.com\/JamaVilenica\/","article_modified_time":"2025-04-22T07:09:14+00:00","og_image":[{"width":540,"height":720,"url":"https:\/\/vilenica.com\/wp-content\/uploads\/2025\/02\/39102d058d75f61b69875da964984f62.webp","type":"image\/webp"}],"twitter_card":"summary_large_image","twitter_misc":{"Tempo di lettura stimato":"4 minuti"},"schema":{"@context":"https:\/\/schema.org","@graph":[{"@type":"WebPage","@id":"https:\/\/vilenica.com\/it\/pianifica-la-visita\/altre-attrazioni\/","url":"https:\/\/vilenica.com\/it\/pianifica-la-visita\/altre-attrazioni\/","name":"Altre attrazioni - Jama Vilenica - Scopri le bellezze nascoste","isPartOf":{"@id":"https:\/\/vilenica.com\/it\/#website"},"datePublished":"2025-02-10T12:55:41+00:00","dateModified":"2025-04-22T07:09:14+00:00","description":"Scopri altre attrazioni vicino alla Grotta di Vilenica ed esplora le bellezze naturali e culturali che questa destinazione unica ha da offrire.","breadcrumb":{"@id":"https:\/\/vilenica.com\/it\/pianifica-la-visita\/altre-attrazioni\/#breadcrumb"},"inLanguage":"it-IT","potentialAction":[{"@type":"ReadAction","target":["https:\/\/vilenica.com\/it\/pianifica-la-visita\/altre-attrazioni\/"]}]},{"@type":"BreadcrumbList","@id":"https:\/\/vilenica.com\/it\/pianifica-la-visita\/altre-attrazioni\/#breadcrumb","itemListElement":[{"@type":"ListItem","position":1,"name":"Casa","item":"https:\/\/vilenica.com\/it\/"},{"@type":"ListItem","position":2,"name":"Pianifica la visita","item":"https:\/\/vilenica.com\/it\/pianifica-la-visita\/"},{"@type":"ListItem","position":3,"name":"Altre attrazioni"}]},{"@type":"WebSite","@id":"https:\/\/vilenica.com\/it\/#website","url":"https:\/\/vilenica.com\/it\/","name":"Jama Vilenica","description":"Prva turisti\u010dna jama na svetu!","publisher":{"@id":"https:\/\/vilenica.com\/it\/#organization"},"alternateName":"Vilenica Jama","potentialAction":[{"@type":"SearchAction","target":{"@type":"EntryPoint","urlTemplate":"https:\/\/vilenica.com\/it\/?s={search_term_string}"},"query-input":{"@type":"PropertyValueSpecification","valueRequired":true,"valueName":"search_term_string"}}],"inLanguage":"it-IT"},{"@type":"Organization","@id":"https:\/\/vilenica.com\/it\/#organization","name":"Jama Vilenica","alternateName":"Vilenica Jama","url":"https:\/\/vilenica.com\/it\/","logo":{"@type":"ImageObject","inLanguage":"it-IT","@id":"https:\/\/vilenica.com\/it\/#\/schema\/logo\/image\/","url":"https:\/\/vilenica.com\/wp-content\/uploads\/2025\/02\/vilenica-icon.svg","contentUrl":"https:\/\/vilenica.com\/wp-content\/uploads\/2025\/02\/vilenica-icon.svg","width":126,"height":126,"caption":"Jama Vilenica"},"image":{"@id":"https:\/\/vilenica.com\/it\/#\/schema\/logo\/image\/"},"sameAs":["https:\/\/www.facebook.com\/JamaVilenica\/"]}]}},"_links":{"self":[{"href":"https:\/\/vilenica.com\/it\/wp-json\/wp\/v2\/pages\/3324","targetHints":{"allow":["GET"]}}],"collection":[{"href":"https:\/\/vilenica.com\/it\/wp-json\/wp\/v2\/pages"}],"about":[{"href":"https:\/\/vilenica.com\/it\/wp-json\/wp\/v2\/types\/page"}],"author":[{"embeddable":true,"href":"https:\/\/vilenica.com\/it\/wp-json\/wp\/v2\/users\/2"}],"replies":[{"embeddable":true,"href":"https:\/\/vilenica.com\/it\/wp-json\/wp\/v2\/comments?post=3324"}],"version-history":[{"count":7,"href":"https:\/\/vilenica.com\/it\/wp-json\/wp\/v2\/pages\/3324\/revisions"}],"predecessor-version":[{"id":3922,"href":"https:\/\/vilenica.com\/it\/wp-json\/wp\/v2\/pages\/3324\/revisions\/3922"}],"up":[{"embeddable":true,"href":"https:\/\/vilenica.com\/it\/wp-json\/wp\/v2\/pages\/3221"}],"wp:attachment":[{"href":"https:\/\/vilenica.com\/it\/wp-json\/wp\/v2\/media?parent=3324"}],"curies":[{"name":"wp","href":"https:\/\/api.w.org\/{rel}","templated":true}]}}