{"id":3300,"date":"2025-02-10T12:56:03","date_gmt":"2025-02-10T12:56:03","guid":{"rendered":"https:\/\/vilenica.forwardapps.si\/pianifica-la-visita\/famiglie-con-bambini\/"},"modified":"2025-04-21T18:50:08","modified_gmt":"2025-04-21T18:50:08","slug":"famiglie-con-bambini","status":"publish","type":"page","link":"https:\/\/vilenica.com\/it\/pianifica-la-visita\/famiglie-con-bambini\/","title":{"rendered":"Famiglie con bambini"},"content":{"rendered":"\t\t<div data-elementor-type=\"wp-page\" data-elementor-id=\"3300\" class=\"elementor elementor-3300 elementor-678\" data-elementor-post-type=\"page\">\n\t\t\t\t<div class=\"elementor-element elementor-element-e96fa17 e-flex e-con-boxed e-con e-parent\" data-id=\"e96fa17\" data-element_type=\"container\" data-e-type=\"container\" data-settings=\"{&quot;jet_parallax_layout_list&quot;:[]}\">\n\t\t\t\t\t<div class=\"e-con-inner\">\n\t\t\t\t<div class=\"elementor-element elementor-element-1ccde38 elementor-widget elementor-widget-text-editor\" data-id=\"1ccde38\" data-element_type=\"widget\" data-e-type=\"widget\" data-widget_type=\"text-editor.default\">\n\t\t\t\t<div class=\"elementor-widget-container\">\n\t\t\t\t\t\t\t\t\t<p>Scendere nelle profondit\u00e0 della Grotta Vilenica \u00e8 un&#8217;esperienza emozionante per tutti i membri della famiglia. Insieme ascolteremo la storia delle fate e scopriremo le diverse forme degli speleotemi; la fantasia prender\u00e0 il volo e ci mostrer\u00e0 tante forme interessanti nascoste nella pietra. Percepiremo il brusco cambiamento di temperatura e osserveremo i cambiamenti di colore degli speleotemi. Scopriremo perch\u00e9 in alcuni punti la grotta \u00e8 cos\u00ec grigio-nera e perch\u00e9 gli speleotemi a volte terminano con una superficie piana.   <\/p><p>Cos\u00ec come la variet\u00e0 e la bellezza del Carso sono evidenti in superficie, anche l&#8217;interno di Vilenica \u00e8 molto vario e colorato, per questo ti invitiamo a viverla in tutto il suo splendore unico.<\/p><p>I bambini di et\u00e0 inferiore ai 14 anni possono visitare Vilenica solo se accompagnati da una persona maggiorenne.<\/p>\t\t\t\t\t\t\t\t<\/div>\n\t\t\t\t<\/div>\n\t\t\t\t<div class=\"elementor-element elementor-element-c64389b elementor-widget elementor-widget-button\" data-id=\"c64389b\" data-element_type=\"widget\" data-e-type=\"widget\" data-widget_type=\"button.default\">\n\t\t\t\t<div class=\"elementor-widget-container\">\n\t\t\t\t\t\t\t\t\t<div class=\"elementor-button-wrapper\">\n\t\t\t\t\t<a class=\"elementor-button elementor-button-link elementor-size-sm\" href=\"https:\/\/vilenica.com\/\/it\/pianifica-la-visita\/listino-prezzi-dei-biglietti\/#druzinske_vstopnice\">\n\t\t\t\t\t\t<span class=\"elementor-button-content-wrapper\">\n\t\t\t\t\t\t\t\t\t<span class=\"elementor-button-text\">Biglietti famiglia<\/span>\n\t\t\t\t\t<\/span>\n\t\t\t\t\t<\/a>\n\t\t\t\t<\/div>\n\t\t\t\t\t\t\t\t<\/div>\n\t\t\t\t<\/div>\n\t\t\t\t<div class=\"elementor-element elementor-element-05ff14a elementor-hidden-desktop elementor-hidden-laptop elementor-hidden-tablet elementor-hidden-mobile elementor-widget elementor-widget-heading\" data-id=\"05ff14a\" data-element_type=\"widget\" data-e-type=\"widget\" data-widget_type=\"heading.default\">\n\t\t\t\t<div class=\"elementor-widget-container\">\n\t\t\t\t\t<h2 class=\"elementor-heading-title elementor-size-default\">BIGLIETTI FAMIGLIA<\/h2>\t\t\t\t<\/div>\n\t\t\t\t<\/div>\n\t\t<div class=\"elementor-element elementor-element-cedd9f0 e-con-full elementor-hidden-desktop elementor-hidden-laptop elementor-hidden-tablet elementor-hidden-mobile e-flex e-con e-child\" data-id=\"cedd9f0\" data-element_type=\"container\" data-e-type=\"container\" data-settings=\"{&quot;jet_parallax_layout_list&quot;:[]}\">\n\t\t<div class=\"elementor-element elementor-element-2b3e7a4 e-con-full e-flex e-con e-child\" data-id=\"2b3e7a4\" data-element_type=\"container\" data-e-type=\"container\" data-settings=\"{&quot;jet_parallax_layout_list&quot;:[]}\">\n\t\t\t\t<div class=\"elementor-element elementor-element-8bdcfcd elementor-widget elementor-widget-text-editor\" data-id=\"8bdcfcd\" data-element_type=\"widget\" data-e-type=\"widget\" data-widget_type=\"text-editor.default\">\n\t\t\t\t<div class=\"elementor-widget-container\">\n\t\t\t\t\t\t\t\t\t<p>3 osebe (2 odrasla + otrok)<\/p>\t\t\t\t\t\t\t\t<\/div>\n\t\t\t\t<\/div>\n\t\t\t\t<div class=\"elementor-element elementor-element-c069eac elementor-widget elementor-widget-text-editor\" data-id=\"c069eac\" data-element_type=\"widget\" data-e-type=\"widget\" data-widget_type=\"text-editor.default\">\n\t\t\t\t<div class=\"elementor-widget-container\">\n\t\t\t\t\t\t\t\t\t<p>35.00 \u20ac<\/p>\t\t\t\t\t\t\t\t<\/div>\n\t\t\t\t<\/div>\n\t\t\t\t<\/div>\n\t\t<div class=\"elementor-element elementor-element-5162643 e-con-full e-flex e-con e-child\" data-id=\"5162643\" data-element_type=\"container\" data-e-type=\"container\" data-settings=\"{&quot;jet_parallax_layout_list&quot;:[]}\">\n\t\t\t\t<div class=\"elementor-element elementor-element-a3d9386 elementor-widget elementor-widget-text-editor\" data-id=\"a3d9386\" data-element_type=\"widget\" data-e-type=\"widget\" data-widget_type=\"text-editor.default\">\n\t\t\t\t<div class=\"elementor-widget-container\">\n\t\t\t\t\t\t\t\t\t<p>4 osebe (2 odrasla, 2 otroka)<\/p>\t\t\t\t\t\t\t\t<\/div>\n\t\t\t\t<\/div>\n\t\t\t\t<div class=\"elementor-element elementor-element-aad6e2b elementor-widget elementor-widget-text-editor\" data-id=\"aad6e2b\" data-element_type=\"widget\" data-e-type=\"widget\" data-widget_type=\"text-editor.default\">\n\t\t\t\t<div class=\"elementor-widget-container\">\n\t\t\t\t\t\t\t\t\t<p>38.00 \u20ac<\/p>\t\t\t\t\t\t\t\t<\/div>\n\t\t\t\t<\/div>\n\t\t\t\t<\/div>\n\t\t<div class=\"elementor-element elementor-element-d007a5b e-con-full e-flex e-con e-child\" data-id=\"d007a5b\" data-element_type=\"container\" data-e-type=\"container\" data-settings=\"{&quot;jet_parallax_layout_list&quot;:[]}\">\n\t\t\t\t<div class=\"elementor-element elementor-element-effc652 elementor-widget elementor-widget-text-editor\" data-id=\"effc652\" data-element_type=\"widget\" data-e-type=\"widget\" data-widget_type=\"text-editor.default\">\n\t\t\t\t<div class=\"elementor-widget-container\">\n\t\t\t\t\t\t\t\t\t<p>5 oseb in ve\u010d (2 odrasla, 3 in ve\u010d otrok)<\/p>\t\t\t\t\t\t\t\t<\/div>\n\t\t\t\t<\/div>\n\t\t\t\t<div class=\"elementor-element elementor-element-563060d elementor-widget elementor-widget-text-editor\" data-id=\"563060d\" data-element_type=\"widget\" data-e-type=\"widget\" data-widget_type=\"text-editor.default\">\n\t\t\t\t<div class=\"elementor-widget-container\">\n\t\t\t\t\t\t\t\t\t<p>44.00 \u20ac<\/p>\t\t\t\t\t\t\t\t<\/div>\n\t\t\t\t<\/div>\n\t\t\t\t<\/div>\n\t\t\t\t<\/div>\n\t\t\t\t<div class=\"elementor-element elementor-element-c3202aa elementor-widget elementor-widget-image\" data-id=\"c3202aa\" data-element_type=\"widget\" data-e-type=\"widget\" data-widget_type=\"image.default\">\n\t\t\t\t<div class=\"elementor-widget-container\">\n\t\t\t\t\t\t\t\t\t\t\t\t\t\t\t<img fetchpriority=\"high\" decoding=\"async\" width=\"1019\" height=\"550\" src=\"https:\/\/vilenica.com\/wp-content\/uploads\/2025\/04\/01-DSCF4334-Vilenicacopy.webp\" class=\"attachment-full size-full wp-image-3158\" alt=\"\" srcset=\"https:\/\/vilenica.com\/wp-content\/uploads\/2025\/04\/01-DSCF4334-Vilenicacopy.webp 1019w, https:\/\/vilenica.com\/wp-content\/uploads\/2025\/04\/01-DSCF4334-Vilenicacopy-300x162.webp 300w, https:\/\/vilenica.com\/wp-content\/uploads\/2025\/04\/01-DSCF4334-Vilenicacopy-768x415.webp 768w\" sizes=\"(max-width: 1019px) 100vw, 1019px\" \/>\t\t\t\t\t\t\t\t\t\t\t\t\t\t\t<\/div>\n\t\t\t\t<\/div>\n\t\t\t\t\t<\/div>\n\t\t\t\t<\/div>\n\t\t\t\t<\/div>\n\t\t","protected":false},"excerpt":{"rendered":"<p>Scendere nelle profondit\u00e0 della Grotta Vilenica \u00e8 un&#8217;esperienza emozionante per tutti i membri della famiglia. Insieme ascolteremo la storia delle fate e scopriremo le diverse forme degli speleotemi; la fantasia prender\u00e0 il volo e ci mostrer\u00e0 tante forme interessanti nascoste nella pietra. Percepiremo il brusco cambiamento di temperatura e osserveremo i cambiamenti di colore degli [&hellip;]<\/p>\n","protected":false},"author":2,"featured_media":0,"parent":3221,"menu_order":0,"comment_status":"closed","ping_status":"closed","template":"","meta":{"footnotes":""},"class_list":["post-3300","page","type-page","status-publish","hentry"],"yoast_head":"<!-- This site is optimized with the Yoast SEO plugin v27.5 - https:\/\/yoast.com\/product\/yoast-seo-wordpress\/ -->\n<title>Famiglie con bambini - Jama Vilenica - Visite per famiglie<\/title>\n<meta name=\"description\" content=\"Trascorri una visita indimenticabile a Jama Vilenica con la tua famiglia, scopri stalattiti mozzafiato e ascolta fiabe nel sottosuolo.\" \/>\n<meta name=\"robots\" content=\"index, follow, max-snippet:-1, max-image-preview:large, max-video-preview:-1\" \/>\n<link rel=\"canonical\" href=\"https:\/\/vilenica.com\/it\/pianifica-la-visita\/famiglie-con-bambini\/\" \/>\n<meta property=\"og:locale\" content=\"it_IT\" \/>\n<meta property=\"og:type\" content=\"article\" \/>\n<meta property=\"og:title\" content=\"Famiglie con bambini - Jama Vilenica - Visite per famiglie\" \/>\n<meta property=\"og:description\" content=\"Trascorri una visita indimenticabile a Jama Vilenica con la tua famiglia, scopri stalattiti mozzafiato e ascolta fiabe nel sottosuolo.\" \/>\n<meta property=\"og:url\" content=\"https:\/\/vilenica.com\/it\/pianifica-la-visita\/famiglie-con-bambini\/\" \/>\n<meta property=\"og:site_name\" content=\"Jama Vilenica\" \/>\n<meta property=\"article:publisher\" content=\"https:\/\/www.facebook.com\/JamaVilenica\/\" \/>\n<meta property=\"article:modified_time\" content=\"2025-04-21T18:50:08+00:00\" \/>\n<meta property=\"og:image\" content=\"https:\/\/vilenica.com\/wp-content\/uploads\/2025\/04\/01-DSCF4334-Vilenicacopy.webp\" \/>\n<meta name=\"twitter:card\" content=\"summary_large_image\" \/>\n<meta name=\"twitter:label1\" content=\"Tempo di lettura stimato\" \/>\n\t<meta name=\"twitter:data1\" content=\"2 minuti\" \/>\n<script type=\"application\/ld+json\" class=\"yoast-schema-graph\">{\"@context\":\"https:\\\/\\\/schema.org\",\"@graph\":[{\"@type\":\"WebPage\",\"@id\":\"https:\\\/\\\/vilenica.com\\\/it\\\/pianifica-la-visita\\\/famiglie-con-bambini\\\/\",\"url\":\"https:\\\/\\\/vilenica.com\\\/it\\\/pianifica-la-visita\\\/famiglie-con-bambini\\\/\",\"name\":\"Famiglie con bambini - Jama Vilenica - Visite per famiglie\",\"isPartOf\":{\"@id\":\"https:\\\/\\\/vilenica.com\\\/it\\\/#website\"},\"primaryImageOfPage\":{\"@id\":\"https:\\\/\\\/vilenica.com\\\/it\\\/pianifica-la-visita\\\/famiglie-con-bambini\\\/#primaryimage\"},\"image\":{\"@id\":\"https:\\\/\\\/vilenica.com\\\/it\\\/pianifica-la-visita\\\/famiglie-con-bambini\\\/#primaryimage\"},\"thumbnailUrl\":\"https:\\\/\\\/vilenica.com\\\/wp-content\\\/uploads\\\/2025\\\/04\\\/01-DSCF4334-Vilenicacopy.webp\",\"datePublished\":\"2025-02-10T12:56:03+00:00\",\"dateModified\":\"2025-04-21T18:50:08+00:00\",\"description\":\"Trascorri una visita indimenticabile a Jama Vilenica con la tua famiglia, scopri stalattiti mozzafiato e ascolta fiabe nel sottosuolo.\",\"breadcrumb\":{\"@id\":\"https:\\\/\\\/vilenica.com\\\/it\\\/pianifica-la-visita\\\/famiglie-con-bambini\\\/#breadcrumb\"},\"inLanguage\":\"it-IT\",\"potentialAction\":[{\"@type\":\"ReadAction\",\"target\":[\"https:\\\/\\\/vilenica.com\\\/it\\\/pianifica-la-visita\\\/famiglie-con-bambini\\\/\"]}]},{\"@type\":\"ImageObject\",\"inLanguage\":\"it-IT\",\"@id\":\"https:\\\/\\\/vilenica.com\\\/it\\\/pianifica-la-visita\\\/famiglie-con-bambini\\\/#primaryimage\",\"url\":\"https:\\\/\\\/vilenica.com\\\/wp-content\\\/uploads\\\/2025\\\/04\\\/01-DSCF4334-Vilenicacopy.webp\",\"contentUrl\":\"https:\\\/\\\/vilenica.com\\\/wp-content\\\/uploads\\\/2025\\\/04\\\/01-DSCF4334-Vilenicacopy.webp\"},{\"@type\":\"BreadcrumbList\",\"@id\":\"https:\\\/\\\/vilenica.com\\\/it\\\/pianifica-la-visita\\\/famiglie-con-bambini\\\/#breadcrumb\",\"itemListElement\":[{\"@type\":\"ListItem\",\"position\":1,\"name\":\"Casa\",\"item\":\"https:\\\/\\\/vilenica.com\\\/it\\\/\"},{\"@type\":\"ListItem\",\"position\":2,\"name\":\"Pianifica la visita\",\"item\":\"https:\\\/\\\/vilenica.com\\\/it\\\/pianifica-la-visita\\\/\"},{\"@type\":\"ListItem\",\"position\":3,\"name\":\"Famiglie con bambini\"}]},{\"@type\":\"WebSite\",\"@id\":\"https:\\\/\\\/vilenica.com\\\/it\\\/#website\",\"url\":\"https:\\\/\\\/vilenica.com\\\/it\\\/\",\"name\":\"Jama Vilenica\",\"description\":\"Prva turisti\u010dna jama na svetu!\",\"publisher\":{\"@id\":\"https:\\\/\\\/vilenica.com\\\/it\\\/#organization\"},\"alternateName\":\"Vilenica Jama\",\"potentialAction\":[{\"@type\":\"SearchAction\",\"target\":{\"@type\":\"EntryPoint\",\"urlTemplate\":\"https:\\\/\\\/vilenica.com\\\/it\\\/?s={search_term_string}\"},\"query-input\":{\"@type\":\"PropertyValueSpecification\",\"valueRequired\":true,\"valueName\":\"search_term_string\"}}],\"inLanguage\":\"it-IT\"},{\"@type\":\"Organization\",\"@id\":\"https:\\\/\\\/vilenica.com\\\/it\\\/#organization\",\"name\":\"Jama Vilenica\",\"alternateName\":\"Vilenica Jama\",\"url\":\"https:\\\/\\\/vilenica.com\\\/it\\\/\",\"logo\":{\"@type\":\"ImageObject\",\"inLanguage\":\"it-IT\",\"@id\":\"https:\\\/\\\/vilenica.com\\\/it\\\/#\\\/schema\\\/logo\\\/image\\\/\",\"url\":\"https:\\\/\\\/vilenica.com\\\/wp-content\\\/uploads\\\/2025\\\/02\\\/vilenica-icon.svg\",\"contentUrl\":\"https:\\\/\\\/vilenica.com\\\/wp-content\\\/uploads\\\/2025\\\/02\\\/vilenica-icon.svg\",\"width\":126,\"height\":126,\"caption\":\"Jama Vilenica\"},\"image\":{\"@id\":\"https:\\\/\\\/vilenica.com\\\/it\\\/#\\\/schema\\\/logo\\\/image\\\/\"},\"sameAs\":[\"https:\\\/\\\/www.facebook.com\\\/JamaVilenica\\\/\"]}]}<\/script>\n<!-- \/ Yoast SEO plugin. -->","yoast_head_json":{"title":"Famiglie con bambini - Jama Vilenica - Visite per famiglie","description":"Trascorri una visita indimenticabile a Jama Vilenica con la tua famiglia, scopri stalattiti mozzafiato e ascolta fiabe nel sottosuolo.","robots":{"index":"index","follow":"follow","max-snippet":"max-snippet:-1","max-image-preview":"max-image-preview:large","max-video-preview":"max-video-preview:-1"},"canonical":"https:\/\/vilenica.com\/it\/pianifica-la-visita\/famiglie-con-bambini\/","og_locale":"it_IT","og_type":"article","og_title":"Famiglie con bambini - Jama Vilenica - Visite per famiglie","og_description":"Trascorri una visita indimenticabile a Jama Vilenica con la tua famiglia, scopri stalattiti mozzafiato e ascolta fiabe nel sottosuolo.","og_url":"https:\/\/vilenica.com\/it\/pianifica-la-visita\/famiglie-con-bambini\/","og_site_name":"Jama Vilenica","article_publisher":"https:\/\/www.facebook.com\/JamaVilenica\/","article_modified_time":"2025-04-21T18:50:08+00:00","og_image":[{"url":"https:\/\/vilenica.com\/wp-content\/uploads\/2025\/04\/01-DSCF4334-Vilenicacopy.webp","type":"","width":"","height":""}],"twitter_card":"summary_large_image","twitter_misc":{"Tempo di lettura stimato":"2 minuti"},"schema":{"@context":"https:\/\/schema.org","@graph":[{"@type":"WebPage","@id":"https:\/\/vilenica.com\/it\/pianifica-la-visita\/famiglie-con-bambini\/","url":"https:\/\/vilenica.com\/it\/pianifica-la-visita\/famiglie-con-bambini\/","name":"Famiglie con bambini - Jama Vilenica - Visite per famiglie","isPartOf":{"@id":"https:\/\/vilenica.com\/it\/#website"},"primaryImageOfPage":{"@id":"https:\/\/vilenica.com\/it\/pianifica-la-visita\/famiglie-con-bambini\/#primaryimage"},"image":{"@id":"https:\/\/vilenica.com\/it\/pianifica-la-visita\/famiglie-con-bambini\/#primaryimage"},"thumbnailUrl":"https:\/\/vilenica.com\/wp-content\/uploads\/2025\/04\/01-DSCF4334-Vilenicacopy.webp","datePublished":"2025-02-10T12:56:03+00:00","dateModified":"2025-04-21T18:50:08+00:00","description":"Trascorri una visita indimenticabile a Jama Vilenica con la tua famiglia, scopri stalattiti mozzafiato e ascolta fiabe nel sottosuolo.","breadcrumb":{"@id":"https:\/\/vilenica.com\/it\/pianifica-la-visita\/famiglie-con-bambini\/#breadcrumb"},"inLanguage":"it-IT","potentialAction":[{"@type":"ReadAction","target":["https:\/\/vilenica.com\/it\/pianifica-la-visita\/famiglie-con-bambini\/"]}]},{"@type":"ImageObject","inLanguage":"it-IT","@id":"https:\/\/vilenica.com\/it\/pianifica-la-visita\/famiglie-con-bambini\/#primaryimage","url":"https:\/\/vilenica.com\/wp-content\/uploads\/2025\/04\/01-DSCF4334-Vilenicacopy.webp","contentUrl":"https:\/\/vilenica.com\/wp-content\/uploads\/2025\/04\/01-DSCF4334-Vilenicacopy.webp"},{"@type":"BreadcrumbList","@id":"https:\/\/vilenica.com\/it\/pianifica-la-visita\/famiglie-con-bambini\/#breadcrumb","itemListElement":[{"@type":"ListItem","position":1,"name":"Casa","item":"https:\/\/vilenica.com\/it\/"},{"@type":"ListItem","position":2,"name":"Pianifica la visita","item":"https:\/\/vilenica.com\/it\/pianifica-la-visita\/"},{"@type":"ListItem","position":3,"name":"Famiglie con bambini"}]},{"@type":"WebSite","@id":"https:\/\/vilenica.com\/it\/#website","url":"https:\/\/vilenica.com\/it\/","name":"Jama Vilenica","description":"Prva turisti\u010dna jama na svetu!","publisher":{"@id":"https:\/\/vilenica.com\/it\/#organization"},"alternateName":"Vilenica Jama","potentialAction":[{"@type":"SearchAction","target":{"@type":"EntryPoint","urlTemplate":"https:\/\/vilenica.com\/it\/?s={search_term_string}"},"query-input":{"@type":"PropertyValueSpecification","valueRequired":true,"valueName":"search_term_string"}}],"inLanguage":"it-IT"},{"@type":"Organization","@id":"https:\/\/vilenica.com\/it\/#organization","name":"Jama Vilenica","alternateName":"Vilenica Jama","url":"https:\/\/vilenica.com\/it\/","logo":{"@type":"ImageObject","inLanguage":"it-IT","@id":"https:\/\/vilenica.com\/it\/#\/schema\/logo\/image\/","url":"https:\/\/vilenica.com\/wp-content\/uploads\/2025\/02\/vilenica-icon.svg","contentUrl":"https:\/\/vilenica.com\/wp-content\/uploads\/2025\/02\/vilenica-icon.svg","width":126,"height":126,"caption":"Jama Vilenica"},"image":{"@id":"https:\/\/vilenica.com\/it\/#\/schema\/logo\/image\/"},"sameAs":["https:\/\/www.facebook.com\/JamaVilenica\/"]}]}},"_links":{"self":[{"href":"https:\/\/vilenica.com\/it\/wp-json\/wp\/v2\/pages\/3300","targetHints":{"allow":["GET"]}}],"collection":[{"href":"https:\/\/vilenica.com\/it\/wp-json\/wp\/v2\/pages"}],"about":[{"href":"https:\/\/vilenica.com\/it\/wp-json\/wp\/v2\/types\/page"}],"author":[{"embeddable":true,"href":"https:\/\/vilenica.com\/it\/wp-json\/wp\/v2\/users\/2"}],"replies":[{"embeddable":true,"href":"https:\/\/vilenica.com\/it\/wp-json\/wp\/v2\/comments?post=3300"}],"version-history":[{"count":10,"href":"https:\/\/vilenica.com\/it\/wp-json\/wp\/v2\/pages\/3300\/revisions"}],"predecessor-version":[{"id":3844,"href":"https:\/\/vilenica.com\/it\/wp-json\/wp\/v2\/pages\/3300\/revisions\/3844"}],"up":[{"embeddable":true,"href":"https:\/\/vilenica.com\/it\/wp-json\/wp\/v2\/pages\/3221"}],"wp:attachment":[{"href":"https:\/\/vilenica.com\/it\/wp-json\/wp\/v2\/media?parent=3300"}],"curies":[{"name":"wp","href":"https:\/\/api.w.org\/{rel}","templated":true}]}}