{"id":3290,"date":"2025-02-10T12:55:17","date_gmt":"2025-02-10T12:55:17","guid":{"rendered":"https:\/\/vilenica.forwardapps.si\/pianifica-la-visita\/listino-prezzi-dei-biglietti\/"},"modified":"2025-09-08T12:05:00","modified_gmt":"2025-09-08T12:05:00","slug":"listino-prezzi-dei-biglietti","status":"publish","type":"page","link":"https:\/\/vilenica.com\/it\/pianifica-la-visita\/listino-prezzi-dei-biglietti\/","title":{"rendered":"Listino prezzi dei biglietti"},"content":{"rendered":"\t\t<div data-elementor-type=\"wp-page\" data-elementor-id=\"3290\" class=\"elementor elementor-3290 elementor-674\" data-elementor-post-type=\"page\">\n\t\t\t\t<div class=\"elementor-element elementor-element-6d4eb98 e-flex e-con-boxed e-con e-parent\" data-id=\"6d4eb98\" data-element_type=\"container\" data-e-type=\"container\" data-settings=\"{&quot;jet_parallax_layout_list&quot;:[]}\">\n\t\t\t\t\t<div class=\"e-con-inner\">\n\t\t\t\t<div class=\"elementor-element elementor-element-5a75f01 elementor-widget elementor-widget-menu-anchor\" data-id=\"5a75f01\" data-element_type=\"widget\" data-e-type=\"widget\" data-widget_type=\"menu-anchor.default\">\n\t\t\t\t<div class=\"elementor-widget-container\">\n\t\t\t\t\t\t\t<div class=\"elementor-menu-anchor\" id=\"druzinske_vstopnice\"><\/div>\n\t\t\t\t\t\t<\/div>\n\t\t\t\t<\/div>\n\t\t\t\t<div class=\"elementor-element elementor-element-0af8b9b elementor-widget elementor-widget-heading\" data-id=\"0af8b9b\" data-element_type=\"widget\" data-e-type=\"widget\" data-widget_type=\"heading.default\">\n\t\t\t\t<div class=\"elementor-widget-container\">\n\t\t\t\t\t<h2 class=\"elementor-heading-title elementor-size-default\">SINGOLE PERSONE<\/h2>\t\t\t\t<\/div>\n\t\t\t\t<\/div>\n\t\t<div class=\"elementor-element elementor-element-011c5a0 e-con-full e-flex e-con e-child\" data-id=\"011c5a0\" data-element_type=\"container\" data-e-type=\"container\" data-settings=\"{&quot;jet_parallax_layout_list&quot;:[]}\">\n\t\t<div class=\"elementor-element elementor-element-5441367 e-con-full e-flex e-con e-child\" data-id=\"5441367\" data-element_type=\"container\" data-e-type=\"container\" data-settings=\"{&quot;jet_parallax_layout_list&quot;:[]}\">\n\t\t\t\t<div class=\"elementor-element elementor-element-49f6da3 elementor-widget elementor-widget-text-editor\" data-id=\"49f6da3\" data-element_type=\"widget\" data-e-type=\"widget\" data-widget_type=\"text-editor.default\">\n\t\t\t\t<div class=\"elementor-widget-container\">\n\t\t\t\t\t\t\t\t\t<p>Adulti<\/p>\t\t\t\t\t\t\t\t<\/div>\n\t\t\t\t<\/div>\n\t\t\t\t<div class=\"elementor-element elementor-element-8480f33 elementor-widget elementor-widget-text-editor\" data-id=\"8480f33\" data-element_type=\"widget\" data-e-type=\"widget\" data-widget_type=\"text-editor.default\">\n\t\t\t\t<div class=\"elementor-widget-container\">\n\t\t\t\t\t\t\t\t\t<p>15.00 \u20ac<\/p>\t\t\t\t\t\t\t\t<\/div>\n\t\t\t\t<\/div>\n\t\t\t\t<\/div>\n\t\t<div class=\"elementor-element elementor-element-b435f8f e-con-full e-flex e-con e-child\" data-id=\"b435f8f\" data-element_type=\"container\" data-e-type=\"container\" data-settings=\"{&quot;jet_parallax_layout_list&quot;:[]}\">\n\t\t\t\t<div class=\"elementor-element elementor-element-e1ac27a elementor-widget elementor-widget-text-editor\" data-id=\"e1ac27a\" data-element_type=\"widget\" data-e-type=\"widget\" data-widget_type=\"text-editor.default\">\n\t\t\t\t<div class=\"elementor-widget-container\">\n\t\t\t\t\t\t\t\t\t<p>Bambini (da 4 fino a 14 anni)<\/p>\t\t\t\t\t\t\t\t<\/div>\n\t\t\t\t<\/div>\n\t\t\t\t<div class=\"elementor-element elementor-element-c2401b2 elementor-widget elementor-widget-text-editor\" data-id=\"c2401b2\" data-element_type=\"widget\" data-e-type=\"widget\" data-widget_type=\"text-editor.default\">\n\t\t\t\t<div class=\"elementor-widget-container\">\n\t\t\t\t\t\t\t\t\t<p>7.00 \u20ac<\/p>\t\t\t\t\t\t\t\t<\/div>\n\t\t\t\t<\/div>\n\t\t\t\t<\/div>\n\t\t\t\t<\/div>\n\t\t\t\t<div class=\"elementor-element elementor-element-ad6912f elementor-widget elementor-widget-heading\" data-id=\"ad6912f\" data-element_type=\"widget\" data-e-type=\"widget\" data-widget_type=\"heading.default\">\n\t\t\t\t<div class=\"elementor-widget-container\">\n\t\t\t\t\t<h2 class=\"elementor-heading-title elementor-size-default\">BIGLIETTI FAMIGLIA<\/h2>\t\t\t\t<\/div>\n\t\t\t\t<\/div>\n\t\t<div class=\"elementor-element elementor-element-6c52575 e-con-full e-flex e-con e-child\" data-id=\"6c52575\" data-element_type=\"container\" data-e-type=\"container\" data-settings=\"{&quot;jet_parallax_layout_list&quot;:[]}\">\n\t\t<div class=\"elementor-element elementor-element-467f7d7 e-con-full e-flex e-con e-child\" data-id=\"467f7d7\" data-element_type=\"container\" data-e-type=\"container\" data-settings=\"{&quot;jet_parallax_layout_list&quot;:[]}\">\n\t\t\t\t<div class=\"elementor-element elementor-element-05f8ce6 elementor-widget elementor-widget-text-editor\" data-id=\"05f8ce6\" data-element_type=\"widget\" data-e-type=\"widget\" data-widget_type=\"text-editor.default\">\n\t\t\t\t<div class=\"elementor-widget-container\">\n\t\t\t\t\t\t\t\t\t<p>5 persone e oltre (2 adulti, 3 bambini e oltre)<\/p>\t\t\t\t\t\t\t\t<\/div>\n\t\t\t\t<\/div>\n\t\t\t\t<div class=\"elementor-element elementor-element-b6ad188 elementor-widget elementor-widget-text-editor\" data-id=\"b6ad188\" data-element_type=\"widget\" data-e-type=\"widget\" data-widget_type=\"text-editor.default\">\n\t\t\t\t<div class=\"elementor-widget-container\">\n\t\t\t\t\t\t\t\t\t<p>35.00 \u20ac<\/p>\t\t\t\t\t\t\t\t<\/div>\n\t\t\t\t<\/div>\n\t\t\t\t<\/div>\n\t\t<div class=\"elementor-element elementor-element-24a9f32 e-con-full e-flex e-con e-child\" data-id=\"24a9f32\" data-element_type=\"container\" data-e-type=\"container\" data-settings=\"{&quot;jet_parallax_layout_list&quot;:[]}\">\n\t\t\t\t<div class=\"elementor-element elementor-element-3860655 elementor-widget elementor-widget-text-editor\" data-id=\"3860655\" data-element_type=\"widget\" data-e-type=\"widget\" data-widget_type=\"text-editor.default\">\n\t\t\t\t<div class=\"elementor-widget-container\">\n\t\t\t\t\t\t\t\t\t<p>4 persone (2 adulti, 2 bambini)<\/p>\t\t\t\t\t\t\t\t<\/div>\n\t\t\t\t<\/div>\n\t\t\t\t<div class=\"elementor-element elementor-element-a037ab7 elementor-widget elementor-widget-text-editor\" data-id=\"a037ab7\" data-element_type=\"widget\" data-e-type=\"widget\" data-widget_type=\"text-editor.default\">\n\t\t\t\t<div class=\"elementor-widget-container\">\n\t\t\t\t\t\t\t\t\t<p>38.00 \u20ac<\/p>\t\t\t\t\t\t\t\t<\/div>\n\t\t\t\t<\/div>\n\t\t\t\t<\/div>\n\t\t<div class=\"elementor-element elementor-element-8a0643c e-con-full e-flex e-con e-child\" data-id=\"8a0643c\" data-element_type=\"container\" data-e-type=\"container\" data-settings=\"{&quot;jet_parallax_layout_list&quot;:[]}\">\n\t\t\t\t<div class=\"elementor-element elementor-element-e5e4895 elementor-widget elementor-widget-text-editor\" data-id=\"e5e4895\" data-element_type=\"widget\" data-e-type=\"widget\" data-widget_type=\"text-editor.default\">\n\t\t\t\t<div class=\"elementor-widget-container\">\n\t\t\t\t\t\t\t\t\t<p>3 persone (2 adulti + bambino)<\/p>\t\t\t\t\t\t\t\t<\/div>\n\t\t\t\t<\/div>\n\t\t\t\t<div class=\"elementor-element elementor-element-3f2328a elementor-widget elementor-widget-text-editor\" data-id=\"3f2328a\" data-element_type=\"widget\" data-e-type=\"widget\" data-widget_type=\"text-editor.default\">\n\t\t\t\t<div class=\"elementor-widget-container\">\n\t\t\t\t\t\t\t\t\t<p>44.00 \u20ac<\/p>\t\t\t\t\t\t\t\t<\/div>\n\t\t\t\t<\/div>\n\t\t\t\t<\/div>\n\t\t<div class=\"elementor-element elementor-element-c6b44f5 e-con-full e-flex e-con e-child\" data-id=\"c6b44f5\" data-element_type=\"container\" data-e-type=\"container\" data-settings=\"{&quot;jet_parallax_layout_list&quot;:[]}\">\n\t\t\t\t<div class=\"elementor-element elementor-element-c50bde8 elementor-widget elementor-widget-text-editor\" data-id=\"c50bde8\" data-element_type=\"widget\" data-e-type=\"widget\" data-widget_type=\"text-editor.default\">\n\t\t\t\t<div class=\"elementor-widget-container\">\n\t\t\t\t\t\t\t\t\t<p>L&#8217;IVA non viene addebitata in base al paragrafo 1 dell&#8217;articolo 94 della legge ZDDV-1.  <\/p>\t\t\t\t\t\t\t\t<\/div>\n\t\t\t\t<\/div>\n\t\t\t\t<\/div>\n\t\t\t\t<\/div>\n\t\t\t\t<div class=\"elementor-element elementor-element-51b3ff0 elementor-widget elementor-widget-heading\" data-id=\"51b3ff0\" data-element_type=\"widget\" data-e-type=\"widget\" data-widget_type=\"heading.default\">\n\t\t\t\t<div class=\"elementor-widget-container\">\n\t\t\t\t\t<h2 class=\"elementor-heading-title elementor-size-default\">Sconto<\/h2>\t\t\t\t<\/div>\n\t\t\t\t<\/div>\n\t\t<div class=\"elementor-element elementor-element-117eb3b e-con-full e-flex e-con e-child\" data-id=\"117eb3b\" data-element_type=\"container\" data-e-type=\"container\" data-settings=\"{&quot;jet_parallax_layout_list&quot;:[]}\">\n\t\t<div class=\"elementor-element elementor-element-19acc06 e-con-full e-flex e-con e-child\" data-id=\"19acc06\" data-element_type=\"container\" data-e-type=\"container\" data-settings=\"{&quot;jet_parallax_layout_list&quot;:[]}\">\n\t\t\t\t<div class=\"elementor-element elementor-element-edb7b42 elementor-widget elementor-widget-text-editor\" data-id=\"edb7b42\" data-element_type=\"widget\" data-e-type=\"widget\" data-widget_type=\"text-editor.default\">\n\t\t\t\t<div class=\"elementor-widget-container\">\n\t\t\t\t\t\t\t\t\t<p>Acquistando 2 biglietti per adulti e 3 biglietti per bambini (valido per bambini fino a 14 anni), riceverai uno sconto di 7 \u20ac. <\/p>\t\t\t\t\t\t\t\t<\/div>\n\t\t\t\t<\/div>\n\t\t\t\t<\/div>\n\t\t<div class=\"elementor-element elementor-element-af582eb e-con-full e-flex e-con e-child\" data-id=\"af582eb\" data-element_type=\"container\" data-e-type=\"container\" data-settings=\"{&quot;jet_parallax_layout_list&quot;:[]}\">\n\t\t\t\t<div class=\"elementor-element elementor-element-0f0e4e9 elementor-widget elementor-widget-text-editor\" data-id=\"0f0e4e9\" data-element_type=\"widget\" data-e-type=\"widget\" data-widget_type=\"text-editor.default\">\n\t\t\t\t<div class=\"elementor-widget-container\">\n\t\t\t\t\t\t\t\t\t<p>Acquistando 2 biglietti per adulti e 2 biglietti per bambini (valido per bambini fino a 14 anni), riceverai uno sconto di 6 \u20ac.<\/p>\t\t\t\t\t\t\t\t<\/div>\n\t\t\t\t<\/div>\n\t\t\t\t<\/div>\n\t\t<div class=\"elementor-element elementor-element-7292b16 e-con-full e-flex e-con e-child\" data-id=\"7292b16\" data-element_type=\"container\" data-e-type=\"container\" data-settings=\"{&quot;jet_parallax_layout_list&quot;:[]}\">\n\t\t\t\t<div class=\"elementor-element elementor-element-783e247 elementor-widget elementor-widget-text-editor\" data-id=\"783e247\" data-element_type=\"widget\" data-e-type=\"widget\" data-widget_type=\"text-editor.default\">\n\t\t\t\t<div class=\"elementor-widget-container\">\n\t\t\t\t\t\t\t\t\t<p>cquistando 2 biglietti per adulti e 1 biglietto per bambini (valido per bambini fino a 14 anni), riceverai uno sconto di 2 \u20ac.<\/p>\t\t\t\t\t\t\t\t<\/div>\n\t\t\t\t<\/div>\n\t\t\t\t<\/div>\n\t\t\t\t<\/div>\n\t\t\t\t<div class=\"elementor-element elementor-element-820a1e0 elementor-widget elementor-widget-heading\" data-id=\"820a1e0\" data-element_type=\"widget\" data-e-type=\"widget\" data-widget_type=\"heading.default\">\n\t\t\t\t<div class=\"elementor-widget-container\">\n\t\t\t\t\t<h2 class=\"elementor-heading-title elementor-size-default\">Gruppi (oltre 20 persone)<\/h2>\t\t\t\t<\/div>\n\t\t\t\t<\/div>\n\t\t<div class=\"elementor-element elementor-element-88d0506 e-con-full e-flex e-con e-child\" data-id=\"88d0506\" data-element_type=\"container\" data-e-type=\"container\" data-settings=\"{&quot;jet_parallax_layout_list&quot;:[]}\">\n\t\t<div class=\"elementor-element elementor-element-8a65298 e-con-full e-flex e-con e-child\" data-id=\"8a65298\" data-element_type=\"container\" data-e-type=\"container\" data-settings=\"{&quot;jet_parallax_layout_list&quot;:[]}\">\n\t\t\t\t<div class=\"elementor-element elementor-element-f33919e elementor-widget elementor-widget-text-editor\" data-id=\"f33919e\" data-element_type=\"widget\" data-e-type=\"widget\" data-widget_type=\"text-editor.default\">\n\t\t\t\t<div class=\"elementor-widget-container\">\n\t\t\t\t\t\t\t\t\t<p>Adulti (a persona)<\/p>\t\t\t\t\t\t\t\t<\/div>\n\t\t\t\t<\/div>\n\t\t\t\t<div class=\"elementor-element elementor-element-5c5bd64 elementor-widget elementor-widget-text-editor\" data-id=\"5c5bd64\" data-element_type=\"widget\" data-e-type=\"widget\" data-widget_type=\"text-editor.default\">\n\t\t\t\t<div class=\"elementor-widget-container\">\n\t\t\t\t\t\t\t\t\t<p>12.00 \u20ac<\/p>\t\t\t\t\t\t\t\t<\/div>\n\t\t\t\t<\/div>\n\t\t\t\t<\/div>\n\t\t<div class=\"elementor-element elementor-element-c57e1ad e-con-full e-flex e-con e-child\" data-id=\"c57e1ad\" data-element_type=\"container\" data-e-type=\"container\" data-settings=\"{&quot;jet_parallax_layout_list&quot;:[]}\">\n\t\t\t\t<div class=\"elementor-element elementor-element-a9cc946 elementor-widget elementor-widget-text-editor\" data-id=\"a9cc946\" data-element_type=\"widget\" data-e-type=\"widget\" data-widget_type=\"text-editor.default\">\n\t\t\t\t<div class=\"elementor-widget-container\">\n\t\t\t\t\t\t\t\t\t<p>Bambini (fino a 14 anni)<\/p>\t\t\t\t\t\t\t\t<\/div>\n\t\t\t\t<\/div>\n\t\t\t\t<div class=\"elementor-element elementor-element-d2c70d7 elementor-widget elementor-widget-text-editor\" data-id=\"d2c70d7\" data-element_type=\"widget\" data-e-type=\"widget\" data-widget_type=\"text-editor.default\">\n\t\t\t\t<div class=\"elementor-widget-container\">\n\t\t\t\t\t\t\t\t\t<p>6.00 \u20ac<\/p>\t\t\t\t\t\t\t\t<\/div>\n\t\t\t\t<\/div>\n\t\t\t\t<\/div>\n\t\t<div class=\"elementor-element elementor-element-bf086a6 e-con-full e-flex e-con e-child\" data-id=\"bf086a6\" data-element_type=\"container\" data-e-type=\"container\" data-settings=\"{&quot;jet_parallax_layout_list&quot;:[]}\">\n\t\t\t\t<div class=\"elementor-element elementor-element-ee7e4bf elementor-widget elementor-widget-text-editor\" data-id=\"ee7e4bf\" data-element_type=\"widget\" data-e-type=\"widget\" data-widget_type=\"text-editor.default\">\n\t\t\t\t<div class=\"elementor-widget-container\">\n\t\t\t\t\t\t\t\t\t<p>Studenti (dai 14 anni in su)<\/p>\t\t\t\t\t\t\t\t<\/div>\n\t\t\t\t<\/div>\n\t\t\t\t<div class=\"elementor-element elementor-element-1bfa22f elementor-widget elementor-widget-text-editor\" data-id=\"1bfa22f\" data-element_type=\"widget\" data-e-type=\"widget\" data-widget_type=\"text-editor.default\">\n\t\t\t\t<div class=\"elementor-widget-container\">\n\t\t\t\t\t\t\t\t\t<p>7.00 \u20ac<\/p>\t\t\t\t\t\t\t\t<\/div>\n\t\t\t\t<\/div>\n\t\t\t\t<\/div>\n\t\t\t\t<\/div>\n\t\t\t\t<div class=\"elementor-element elementor-element-57d552b elementor-widget elementor-widget-heading\" data-id=\"57d552b\" data-element_type=\"widget\" data-e-type=\"widget\" data-widget_type=\"heading.default\">\n\t\t\t\t<div class=\"elementor-widget-container\">\n\t\t\t\t\t<h2 class=\"elementor-heading-title elementor-size-default\">OPZIONI DI ACQUISTO DEI BIGLIETTI<\/h2>\t\t\t\t<\/div>\n\t\t\t\t<\/div>\n\t\t<div class=\"elementor-element elementor-element-189da24 e-con-full e-flex e-con e-child\" data-id=\"189da24\" data-element_type=\"container\" data-e-type=\"container\" data-settings=\"{&quot;jet_parallax_layout_list&quot;:[]}\">\n\t\t<div class=\"elementor-element elementor-element-00bc32b e-con-full e-flex e-con e-child\" data-id=\"00bc32b\" data-element_type=\"container\" data-e-type=\"container\" data-settings=\"{&quot;jet_parallax_layout_list&quot;:[]}\">\n\t\t\t\t<div class=\"elementor-element elementor-element-a720377 elementor-widget elementor-widget-text-editor\" data-id=\"a720377\" data-element_type=\"widget\" data-e-type=\"widget\" data-widget_type=\"text-editor.default\">\n\t\t\t\t<div class=\"elementor-widget-container\">\n\t\t\t\t\t\t\t\t\t<p><a href=\"https:\/\/vilenica.mojekarte.si\/si\/dogodki.html\" target=\"_blank\" rel=\"noopener\"><strong>Acquisto dei biglietti online<\/strong><\/a><\/p>\t\t\t\t\t\t\t\t<\/div>\n\t\t\t\t<\/div>\n\t\t\t\t<\/div>\n\t\t<div class=\"elementor-element elementor-element-561c61f e-con-full e-flex e-con e-child\" data-id=\"561c61f\" data-element_type=\"container\" data-e-type=\"container\" data-settings=\"{&quot;jet_parallax_layout_list&quot;:[]}\">\n\t\t\t\t<div class=\"elementor-element elementor-element-1f61ac8 elementor-widget elementor-widget-text-editor\" data-id=\"1f61ac8\" data-element_type=\"widget\" data-e-type=\"widget\" data-widget_type=\"text-editor.default\">\n\t\t\t\t<div class=\"elementor-widget-container\">\n\t\t\t\t\t\t\t\t\t<p>Acquisto prima della visita alla grotta presso la casa di<br>Jo\u017ee Gustin\u010di\u010d, di fronte alla grotta. Pagamento solo in<br>contanti! <\/p>\t\t\t\t\t\t\t\t<\/div>\n\t\t\t\t<\/div>\n\t\t\t\t<\/div>\n\t\t<div class=\"elementor-element elementor-element-501ce4a e-con-full e-flex e-con e-child\" data-id=\"501ce4a\" data-element_type=\"container\" data-e-type=\"container\" data-settings=\"{&quot;jet_parallax_layout_list&quot;:[]}\">\n\t\t\t\t<div class=\"elementor-element elementor-element-ea6cf68 elementor-widget elementor-widget-text-editor\" data-id=\"ea6cf68\" data-element_type=\"widget\" data-e-type=\"widget\" data-widget_type=\"text-editor.default\">\n\t\t\t\t<div class=\"elementor-widget-container\">\n\t\t\t\t\t\t\t\t\t<p>Per i gruppi \u00e8 possibile anche l&#8217;acquisto\/pagamento<br>tramite fattura proforma (bonifico bancario)<\/p>\t\t\t\t\t\t\t\t<\/div>\n\t\t\t\t<\/div>\n\t\t\t\t<\/div>\n\t\t\t\t<\/div>\n\t\t\t\t\t<\/div>\n\t\t\t\t<\/div>\n\t\t\t\t<\/div>\n\t\t","protected":false},"excerpt":{"rendered":"<p>SINGOLE PERSONE Adulti 15.00 \u20ac Bambini (da 4 fino a 14 anni) 7.00 \u20ac BIGLIETTI FAMIGLIA 5 persone e oltre (2 adulti, 3 bambini e oltre) 35.00 \u20ac 4 persone (2 adulti, 2 bambini) 38.00 \u20ac 3 persone (2 adulti + bambino) 44.00 \u20ac L&#8217;IVA non viene addebitata in base al paragrafo 1 dell&#8217;articolo 94 [&hellip;]<\/p>\n","protected":false},"author":2,"featured_media":0,"parent":3221,"menu_order":0,"comment_status":"closed","ping_status":"closed","template":"","meta":{"footnotes":""},"class_list":["post-3290","page","type-page","status-publish","hentry"],"yoast_head":"<!-- This site is optimized with the Yoast SEO plugin v27.5 - https:\/\/yoast.com\/product\/yoast-seo-wordpress\/ -->\n<title>Listino prezzi dei biglietti - Jama Vilenica - Visite e prezzi<\/title>\n<meta name=\"description\" content=\"Controlla i prezzi dei biglietti per Jama Vilenica e scopri la meraviglia naturale del carsismo, con formazioni uniche e una storia affascinante.\" \/>\n<meta name=\"robots\" content=\"index, follow, max-snippet:-1, max-image-preview:large, max-video-preview:-1\" \/>\n<link rel=\"canonical\" href=\"https:\/\/vilenica.com\/it\/pianifica-la-visita\/listino-prezzi-dei-biglietti\/\" \/>\n<meta property=\"og:locale\" content=\"it_IT\" \/>\n<meta property=\"og:type\" content=\"article\" \/>\n<meta property=\"og:title\" content=\"Listino prezzi dei biglietti - Jama Vilenica - Visite e prezzi\" \/>\n<meta property=\"og:description\" content=\"Controlla i prezzi dei biglietti per Jama Vilenica e scopri la meraviglia naturale del carsismo, con formazioni uniche e una storia affascinante.\" \/>\n<meta property=\"og:url\" content=\"https:\/\/vilenica.com\/it\/pianifica-la-visita\/listino-prezzi-dei-biglietti\/\" \/>\n<meta property=\"og:site_name\" content=\"Jama Vilenica\" \/>\n<meta property=\"article:publisher\" content=\"https:\/\/www.facebook.com\/JamaVilenica\/\" \/>\n<meta property=\"article:modified_time\" content=\"2025-09-08T12:05:00+00:00\" \/>\n<meta property=\"og:image\" content=\"https:\/\/vilenica.com\/wp-content\/uploads\/2025\/02\/39102d058d75f61b69875da964984f62.webp\" \/>\n\t<meta property=\"og:image:width\" content=\"540\" \/>\n\t<meta property=\"og:image:height\" content=\"720\" \/>\n\t<meta property=\"og:image:type\" content=\"image\/webp\" \/>\n<meta name=\"twitter:card\" content=\"summary_large_image\" \/>\n<meta name=\"twitter:label1\" content=\"Tempo di lettura stimato\" \/>\n\t<meta name=\"twitter:data1\" content=\"2 minuti\" \/>\n<script type=\"application\/ld+json\" class=\"yoast-schema-graph\">{\"@context\":\"https:\\\/\\\/schema.org\",\"@graph\":[{\"@type\":\"WebPage\",\"@id\":\"https:\\\/\\\/vilenica.com\\\/it\\\/pianifica-la-visita\\\/listino-prezzi-dei-biglietti\\\/\",\"url\":\"https:\\\/\\\/vilenica.com\\\/it\\\/pianifica-la-visita\\\/listino-prezzi-dei-biglietti\\\/\",\"name\":\"Listino prezzi dei biglietti - Jama Vilenica - Visite e prezzi\",\"isPartOf\":{\"@id\":\"https:\\\/\\\/vilenica.com\\\/it\\\/#website\"},\"datePublished\":\"2025-02-10T12:55:17+00:00\",\"dateModified\":\"2025-09-08T12:05:00+00:00\",\"description\":\"Controlla i prezzi dei biglietti per Jama Vilenica e scopri la meraviglia naturale del carsismo, con formazioni uniche e una storia affascinante.\",\"breadcrumb\":{\"@id\":\"https:\\\/\\\/vilenica.com\\\/it\\\/pianifica-la-visita\\\/listino-prezzi-dei-biglietti\\\/#breadcrumb\"},\"inLanguage\":\"it-IT\",\"potentialAction\":[{\"@type\":\"ReadAction\",\"target\":[\"https:\\\/\\\/vilenica.com\\\/it\\\/pianifica-la-visita\\\/listino-prezzi-dei-biglietti\\\/\"]}]},{\"@type\":\"BreadcrumbList\",\"@id\":\"https:\\\/\\\/vilenica.com\\\/it\\\/pianifica-la-visita\\\/listino-prezzi-dei-biglietti\\\/#breadcrumb\",\"itemListElement\":[{\"@type\":\"ListItem\",\"position\":1,\"name\":\"Casa\",\"item\":\"https:\\\/\\\/vilenica.com\\\/it\\\/\"},{\"@type\":\"ListItem\",\"position\":2,\"name\":\"Pianifica la visita\",\"item\":\"https:\\\/\\\/vilenica.com\\\/it\\\/pianifica-la-visita\\\/\"},{\"@type\":\"ListItem\",\"position\":3,\"name\":\"Listino prezzi dei biglietti\"}]},{\"@type\":\"WebSite\",\"@id\":\"https:\\\/\\\/vilenica.com\\\/it\\\/#website\",\"url\":\"https:\\\/\\\/vilenica.com\\\/it\\\/\",\"name\":\"Jama Vilenica\",\"description\":\"Prva turisti\u010dna jama na svetu!\",\"publisher\":{\"@id\":\"https:\\\/\\\/vilenica.com\\\/it\\\/#organization\"},\"alternateName\":\"Vilenica Jama\",\"potentialAction\":[{\"@type\":\"SearchAction\",\"target\":{\"@type\":\"EntryPoint\",\"urlTemplate\":\"https:\\\/\\\/vilenica.com\\\/it\\\/?s={search_term_string}\"},\"query-input\":{\"@type\":\"PropertyValueSpecification\",\"valueRequired\":true,\"valueName\":\"search_term_string\"}}],\"inLanguage\":\"it-IT\"},{\"@type\":\"Organization\",\"@id\":\"https:\\\/\\\/vilenica.com\\\/it\\\/#organization\",\"name\":\"Jama Vilenica\",\"alternateName\":\"Vilenica Jama\",\"url\":\"https:\\\/\\\/vilenica.com\\\/it\\\/\",\"logo\":{\"@type\":\"ImageObject\",\"inLanguage\":\"it-IT\",\"@id\":\"https:\\\/\\\/vilenica.com\\\/it\\\/#\\\/schema\\\/logo\\\/image\\\/\",\"url\":\"https:\\\/\\\/vilenica.com\\\/wp-content\\\/uploads\\\/2025\\\/02\\\/vilenica-icon.svg\",\"contentUrl\":\"https:\\\/\\\/vilenica.com\\\/wp-content\\\/uploads\\\/2025\\\/02\\\/vilenica-icon.svg\",\"width\":126,\"height\":126,\"caption\":\"Jama Vilenica\"},\"image\":{\"@id\":\"https:\\\/\\\/vilenica.com\\\/it\\\/#\\\/schema\\\/logo\\\/image\\\/\"},\"sameAs\":[\"https:\\\/\\\/www.facebook.com\\\/JamaVilenica\\\/\"]}]}<\/script>\n<!-- \/ Yoast SEO plugin. -->","yoast_head_json":{"title":"Listino prezzi dei biglietti - Jama Vilenica - Visite e prezzi","description":"Controlla i prezzi dei biglietti per Jama Vilenica e scopri la meraviglia naturale del carsismo, con formazioni uniche e una storia affascinante.","robots":{"index":"index","follow":"follow","max-snippet":"max-snippet:-1","max-image-preview":"max-image-preview:large","max-video-preview":"max-video-preview:-1"},"canonical":"https:\/\/vilenica.com\/it\/pianifica-la-visita\/listino-prezzi-dei-biglietti\/","og_locale":"it_IT","og_type":"article","og_title":"Listino prezzi dei biglietti - Jama Vilenica - Visite e prezzi","og_description":"Controlla i prezzi dei biglietti per Jama Vilenica e scopri la meraviglia naturale del carsismo, con formazioni uniche e una storia affascinante.","og_url":"https:\/\/vilenica.com\/it\/pianifica-la-visita\/listino-prezzi-dei-biglietti\/","og_site_name":"Jama Vilenica","article_publisher":"https:\/\/www.facebook.com\/JamaVilenica\/","article_modified_time":"2025-09-08T12:05:00+00:00","og_image":[{"width":540,"height":720,"url":"https:\/\/vilenica.com\/wp-content\/uploads\/2025\/02\/39102d058d75f61b69875da964984f62.webp","type":"image\/webp"}],"twitter_card":"summary_large_image","twitter_misc":{"Tempo di lettura stimato":"2 minuti"},"schema":{"@context":"https:\/\/schema.org","@graph":[{"@type":"WebPage","@id":"https:\/\/vilenica.com\/it\/pianifica-la-visita\/listino-prezzi-dei-biglietti\/","url":"https:\/\/vilenica.com\/it\/pianifica-la-visita\/listino-prezzi-dei-biglietti\/","name":"Listino prezzi dei biglietti - Jama Vilenica - Visite e prezzi","isPartOf":{"@id":"https:\/\/vilenica.com\/it\/#website"},"datePublished":"2025-02-10T12:55:17+00:00","dateModified":"2025-09-08T12:05:00+00:00","description":"Controlla i prezzi dei biglietti per Jama Vilenica e scopri la meraviglia naturale del carsismo, con formazioni uniche e una storia affascinante.","breadcrumb":{"@id":"https:\/\/vilenica.com\/it\/pianifica-la-visita\/listino-prezzi-dei-biglietti\/#breadcrumb"},"inLanguage":"it-IT","potentialAction":[{"@type":"ReadAction","target":["https:\/\/vilenica.com\/it\/pianifica-la-visita\/listino-prezzi-dei-biglietti\/"]}]},{"@type":"BreadcrumbList","@id":"https:\/\/vilenica.com\/it\/pianifica-la-visita\/listino-prezzi-dei-biglietti\/#breadcrumb","itemListElement":[{"@type":"ListItem","position":1,"name":"Casa","item":"https:\/\/vilenica.com\/it\/"},{"@type":"ListItem","position":2,"name":"Pianifica la visita","item":"https:\/\/vilenica.com\/it\/pianifica-la-visita\/"},{"@type":"ListItem","position":3,"name":"Listino prezzi dei biglietti"}]},{"@type":"WebSite","@id":"https:\/\/vilenica.com\/it\/#website","url":"https:\/\/vilenica.com\/it\/","name":"Jama Vilenica","description":"Prva turisti\u010dna jama na svetu!","publisher":{"@id":"https:\/\/vilenica.com\/it\/#organization"},"alternateName":"Vilenica Jama","potentialAction":[{"@type":"SearchAction","target":{"@type":"EntryPoint","urlTemplate":"https:\/\/vilenica.com\/it\/?s={search_term_string}"},"query-input":{"@type":"PropertyValueSpecification","valueRequired":true,"valueName":"search_term_string"}}],"inLanguage":"it-IT"},{"@type":"Organization","@id":"https:\/\/vilenica.com\/it\/#organization","name":"Jama Vilenica","alternateName":"Vilenica Jama","url":"https:\/\/vilenica.com\/it\/","logo":{"@type":"ImageObject","inLanguage":"it-IT","@id":"https:\/\/vilenica.com\/it\/#\/schema\/logo\/image\/","url":"https:\/\/vilenica.com\/wp-content\/uploads\/2025\/02\/vilenica-icon.svg","contentUrl":"https:\/\/vilenica.com\/wp-content\/uploads\/2025\/02\/vilenica-icon.svg","width":126,"height":126,"caption":"Jama Vilenica"},"image":{"@id":"https:\/\/vilenica.com\/it\/#\/schema\/logo\/image\/"},"sameAs":["https:\/\/www.facebook.com\/JamaVilenica\/"]}]}},"_links":{"self":[{"href":"https:\/\/vilenica.com\/it\/wp-json\/wp\/v2\/pages\/3290","targetHints":{"allow":["GET"]}}],"collection":[{"href":"https:\/\/vilenica.com\/it\/wp-json\/wp\/v2\/pages"}],"about":[{"href":"https:\/\/vilenica.com\/it\/wp-json\/wp\/v2\/types\/page"}],"author":[{"embeddable":true,"href":"https:\/\/vilenica.com\/it\/wp-json\/wp\/v2\/users\/2"}],"replies":[{"embeddable":true,"href":"https:\/\/vilenica.com\/it\/wp-json\/wp\/v2\/comments?post=3290"}],"version-history":[{"count":14,"href":"https:\/\/vilenica.com\/it\/wp-json\/wp\/v2\/pages\/3290\/revisions"}],"predecessor-version":[{"id":4524,"href":"https:\/\/vilenica.com\/it\/wp-json\/wp\/v2\/pages\/3290\/revisions\/4524"}],"up":[{"embeddable":true,"href":"https:\/\/vilenica.com\/it\/wp-json\/wp\/v2\/pages\/3221"}],"wp:attachment":[{"href":"https:\/\/vilenica.com\/it\/wp-json\/wp\/v2\/media?parent=3290"}],"curies":[{"name":"wp","href":"https:\/\/api.w.org\/{rel}","templated":true}]}}