{"id":3334,"date":"2025-02-18T13:42:16","date_gmt":"2025-02-18T13:42:16","guid":{"rendered":"https:\/\/vilenica.forwardapps.si\/planen-sie-ihren-besuch\/schulen-und-kindergaerten\/"},"modified":"2025-04-22T13:43:09","modified_gmt":"2025-04-22T13:43:09","slug":"schulen-und-kindergaerten","status":"publish","type":"page","link":"https:\/\/vilenica.com\/de\/planen-sie-ihren-besuch\/schulen-und-kindergaerten\/","title":{"rendered":"Schulen und kinderg\u00e4rten"},"content":{"rendered":"\t\t<div data-elementor-type=\"wp-page\" data-elementor-id=\"3334\" class=\"elementor elementor-3334 elementor-1374\" data-elementor-post-type=\"page\">\n\t\t\t\t<div class=\"elementor-element elementor-element-89f6054 e-flex e-con-boxed e-con e-parent\" data-id=\"89f6054\" data-element_type=\"container\" data-e-type=\"container\" data-settings=\"{&quot;jet_parallax_layout_list&quot;:[]}\">\n\t\t\t\t\t<div class=\"e-con-inner\">\n\t\t\t\t<div class=\"elementor-element elementor-element-ff04e18 elementor-widget elementor-widget-text-editor\" data-id=\"ff04e18\" data-element_type=\"widget\" data-e-type=\"widget\" data-widget_type=\"text-editor.default\">\n\t\t\t\t<div class=\"elementor-widget-container\">\n\t\t\t\t\t\t\t\t\t<p>Die Erforschung des Karsts und des Karstuntergrunds ist Teil des regul\u00e4ren Lehrplans in Grund- und Sekundarschulen in ganz Slowenien. Der Besuch vertieft den Lernstoff \u00fcber die slowenische Karstwelt. Ein Besuch der H\u00f6hle ist eine gute Wahl f\u00fcr eine Klassenfahrt, einen Ausflug oder einen Sporttag. <\/p><p>Die F\u00fchrungen werden von einem qualifizierten H\u00f6hlenf\u00fchrer geleitet und der Inhalt ist auf das Alter der Kinder zugeschnitten. <\/p>\t\t\t\t\t\t\t\t<\/div>\n\t\t\t\t<\/div>\n\t\t\t\t<div class=\"elementor-element elementor-element-de3108b elementor-widget elementor-widget-button\" data-id=\"de3108b\" data-element_type=\"widget\" data-e-type=\"widget\" data-widget_type=\"button.default\">\n\t\t\t\t<div class=\"elementor-widget-container\">\n\t\t\t\t\t\t\t\t\t<div class=\"elementor-button-wrapper\">\n\t\t\t\t\t<a class=\"elementor-button elementor-button-link elementor-size-sm\" href=\"#elementor-action%3Aaction%3Dpopup%3Aopen%26settings%3DeyJpZCI6MzUwMSwidG9nZ2xlIjpmYWxzZX0%3D\">\n\t\t\t\t\t\t<span class=\"elementor-button-content-wrapper\">\n\t\t\t\t\t\t\t\t\t<span class=\"elementor-button-text\">Kontaktformular<\/span>\n\t\t\t\t\t<\/span>\n\t\t\t\t\t<\/a>\n\t\t\t\t<\/div>\n\t\t\t\t\t\t\t\t<\/div>\n\t\t\t\t<\/div>\n\t\t\t\t\t<\/div>\n\t\t\t\t<\/div>\n\t\t\t\t<\/div>\n\t\t","protected":false},"excerpt":{"rendered":"<p>Die Erforschung des Karsts und des Karstuntergrunds ist Teil des regul\u00e4ren Lehrplans in Grund- und Sekundarschulen in ganz Slowenien. Der Besuch vertieft den Lernstoff \u00fcber die slowenische Karstwelt. Ein Besuch der H\u00f6hle ist eine gute Wahl f\u00fcr eine Klassenfahrt, einen Ausflug oder einen Sporttag. Die F\u00fchrungen werden von einem qualifizierten H\u00f6hlenf\u00fchrer geleitet und der Inhalt [&hellip;]<\/p>\n","protected":false},"author":2,"featured_media":0,"parent":3219,"menu_order":0,"comment_status":"closed","ping_status":"closed","template":"","meta":{"footnotes":""},"class_list":["post-3334","page","type-page","status-publish","hentry"],"yoast_head":"<!-- This site is optimized with the Yoast SEO plugin v27.5 - https:\/\/yoast.com\/product\/yoast-seo-wordpress\/ -->\n<title>Schulen und kinderg\u00e4rten - Jama Vilenica - Abenteuer f\u00fcr Kinder!<\/title>\n<meta name=\"description\" content=\"Die Erkundung des Karstes ist ideal f\u00fcr einen Schulausflug, bei dem F\u00fchrungen das Lernen \u00fcber die slowenische Karstwelt f\u00f6rdern.\" \/>\n<meta name=\"robots\" content=\"index, follow, max-snippet:-1, max-image-preview:large, max-video-preview:-1\" \/>\n<link rel=\"canonical\" href=\"https:\/\/vilenica.com\/de\/planen-sie-ihren-besuch\/schulen-und-kindergaerten\/\" \/>\n<meta property=\"og:locale\" content=\"de_DE\" \/>\n<meta property=\"og:type\" content=\"article\" \/>\n<meta property=\"og:title\" content=\"Schulen und kinderg\u00e4rten - Jama Vilenica - Abenteuer f\u00fcr Kinder!\" \/>\n<meta property=\"og:description\" content=\"Die Erkundung des Karstes ist ideal f\u00fcr einen Schulausflug, bei dem F\u00fchrungen das Lernen \u00fcber die slowenische Karstwelt f\u00f6rdern.\" \/>\n<meta property=\"og:url\" content=\"https:\/\/vilenica.com\/de\/planen-sie-ihren-besuch\/schulen-und-kindergaerten\/\" \/>\n<meta property=\"og:site_name\" content=\"Jama Vilenica\" \/>\n<meta property=\"article:publisher\" content=\"https:\/\/www.facebook.com\/JamaVilenica\/\" \/>\n<meta property=\"article:modified_time\" content=\"2025-04-22T13:43:09+00:00\" \/>\n<meta property=\"og:image\" content=\"https:\/\/vilenica.com\/wp-content\/uploads\/2025\/02\/39102d058d75f61b69875da964984f62.webp\" \/>\n\t<meta property=\"og:image:width\" content=\"540\" \/>\n\t<meta property=\"og:image:height\" content=\"720\" \/>\n\t<meta property=\"og:image:type\" content=\"image\/webp\" \/>\n<meta name=\"twitter:card\" content=\"summary_large_image\" \/>\n<script type=\"application\/ld+json\" class=\"yoast-schema-graph\">{\"@context\":\"https:\\\/\\\/schema.org\",\"@graph\":[{\"@type\":\"WebPage\",\"@id\":\"https:\\\/\\\/vilenica.com\\\/de\\\/planen-sie-ihren-besuch\\\/schulen-und-kindergaerten\\\/\",\"url\":\"https:\\\/\\\/vilenica.com\\\/de\\\/planen-sie-ihren-besuch\\\/schulen-und-kindergaerten\\\/\",\"name\":\"Schulen und kinderg\u00e4rten - Jama Vilenica - Abenteuer f\u00fcr Kinder!\",\"isPartOf\":{\"@id\":\"https:\\\/\\\/vilenica.com\\\/de\\\/#website\"},\"datePublished\":\"2025-02-18T13:42:16+00:00\",\"dateModified\":\"2025-04-22T13:43:09+00:00\",\"description\":\"Die Erkundung des Karstes ist ideal f\u00fcr einen Schulausflug, bei dem F\u00fchrungen das Lernen \u00fcber die slowenische Karstwelt f\u00f6rdern.\",\"breadcrumb\":{\"@id\":\"https:\\\/\\\/vilenica.com\\\/de\\\/planen-sie-ihren-besuch\\\/schulen-und-kindergaerten\\\/#breadcrumb\"},\"inLanguage\":\"de\",\"potentialAction\":[{\"@type\":\"ReadAction\",\"target\":[\"https:\\\/\\\/vilenica.com\\\/de\\\/planen-sie-ihren-besuch\\\/schulen-und-kindergaerten\\\/\"]}]},{\"@type\":\"BreadcrumbList\",\"@id\":\"https:\\\/\\\/vilenica.com\\\/de\\\/planen-sie-ihren-besuch\\\/schulen-und-kindergaerten\\\/#breadcrumb\",\"itemListElement\":[{\"@type\":\"ListItem\",\"position\":1,\"name\":\"Heim\",\"item\":\"https:\\\/\\\/vilenica.com\\\/de\\\/\"},{\"@type\":\"ListItem\",\"position\":2,\"name\":\"Planen Sie Ihren Besuch\",\"item\":\"https:\\\/\\\/vilenica.com\\\/de\\\/planen-sie-ihren-besuch\\\/\"},{\"@type\":\"ListItem\",\"position\":3,\"name\":\"Schulen und kinderg\u00e4rten\"}]},{\"@type\":\"WebSite\",\"@id\":\"https:\\\/\\\/vilenica.com\\\/de\\\/#website\",\"url\":\"https:\\\/\\\/vilenica.com\\\/de\\\/\",\"name\":\"Jama Vilenica\",\"description\":\"Prva turisti\u010dna jama na svetu!\",\"publisher\":{\"@id\":\"https:\\\/\\\/vilenica.com\\\/de\\\/#organization\"},\"alternateName\":\"Vilenica Jama\",\"potentialAction\":[{\"@type\":\"SearchAction\",\"target\":{\"@type\":\"EntryPoint\",\"urlTemplate\":\"https:\\\/\\\/vilenica.com\\\/de\\\/?s={search_term_string}\"},\"query-input\":{\"@type\":\"PropertyValueSpecification\",\"valueRequired\":true,\"valueName\":\"search_term_string\"}}],\"inLanguage\":\"de\"},{\"@type\":\"Organization\",\"@id\":\"https:\\\/\\\/vilenica.com\\\/de\\\/#organization\",\"name\":\"Jama Vilenica\",\"alternateName\":\"Vilenica Jama\",\"url\":\"https:\\\/\\\/vilenica.com\\\/de\\\/\",\"logo\":{\"@type\":\"ImageObject\",\"inLanguage\":\"de\",\"@id\":\"https:\\\/\\\/vilenica.com\\\/de\\\/#\\\/schema\\\/logo\\\/image\\\/\",\"url\":\"https:\\\/\\\/vilenica.com\\\/wp-content\\\/uploads\\\/2025\\\/02\\\/vilenica-icon.svg\",\"contentUrl\":\"https:\\\/\\\/vilenica.com\\\/wp-content\\\/uploads\\\/2025\\\/02\\\/vilenica-icon.svg\",\"width\":126,\"height\":126,\"caption\":\"Jama Vilenica\"},\"image\":{\"@id\":\"https:\\\/\\\/vilenica.com\\\/de\\\/#\\\/schema\\\/logo\\\/image\\\/\"},\"sameAs\":[\"https:\\\/\\\/www.facebook.com\\\/JamaVilenica\\\/\"]}]}<\/script>\n<!-- \/ Yoast SEO plugin. -->","yoast_head_json":{"title":"Schulen und kinderg\u00e4rten - Jama Vilenica - Abenteuer f\u00fcr Kinder!","description":"Die Erkundung des Karstes ist ideal f\u00fcr einen Schulausflug, bei dem F\u00fchrungen das Lernen \u00fcber die slowenische Karstwelt f\u00f6rdern.","robots":{"index":"index","follow":"follow","max-snippet":"max-snippet:-1","max-image-preview":"max-image-preview:large","max-video-preview":"max-video-preview:-1"},"canonical":"https:\/\/vilenica.com\/de\/planen-sie-ihren-besuch\/schulen-und-kindergaerten\/","og_locale":"de_DE","og_type":"article","og_title":"Schulen und kinderg\u00e4rten - Jama Vilenica - Abenteuer f\u00fcr Kinder!","og_description":"Die Erkundung des Karstes ist ideal f\u00fcr einen Schulausflug, bei dem F\u00fchrungen das Lernen \u00fcber die slowenische Karstwelt f\u00f6rdern.","og_url":"https:\/\/vilenica.com\/de\/planen-sie-ihren-besuch\/schulen-und-kindergaerten\/","og_site_name":"Jama Vilenica","article_publisher":"https:\/\/www.facebook.com\/JamaVilenica\/","article_modified_time":"2025-04-22T13:43:09+00:00","og_image":[{"width":540,"height":720,"url":"https:\/\/vilenica.com\/wp-content\/uploads\/2025\/02\/39102d058d75f61b69875da964984f62.webp","type":"image\/webp"}],"twitter_card":"summary_large_image","schema":{"@context":"https:\/\/schema.org","@graph":[{"@type":"WebPage","@id":"https:\/\/vilenica.com\/de\/planen-sie-ihren-besuch\/schulen-und-kindergaerten\/","url":"https:\/\/vilenica.com\/de\/planen-sie-ihren-besuch\/schulen-und-kindergaerten\/","name":"Schulen und kinderg\u00e4rten - Jama Vilenica - Abenteuer f\u00fcr Kinder!","isPartOf":{"@id":"https:\/\/vilenica.com\/de\/#website"},"datePublished":"2025-02-18T13:42:16+00:00","dateModified":"2025-04-22T13:43:09+00:00","description":"Die Erkundung des Karstes ist ideal f\u00fcr einen Schulausflug, bei dem F\u00fchrungen das Lernen \u00fcber die slowenische Karstwelt f\u00f6rdern.","breadcrumb":{"@id":"https:\/\/vilenica.com\/de\/planen-sie-ihren-besuch\/schulen-und-kindergaerten\/#breadcrumb"},"inLanguage":"de","potentialAction":[{"@type":"ReadAction","target":["https:\/\/vilenica.com\/de\/planen-sie-ihren-besuch\/schulen-und-kindergaerten\/"]}]},{"@type":"BreadcrumbList","@id":"https:\/\/vilenica.com\/de\/planen-sie-ihren-besuch\/schulen-und-kindergaerten\/#breadcrumb","itemListElement":[{"@type":"ListItem","position":1,"name":"Heim","item":"https:\/\/vilenica.com\/de\/"},{"@type":"ListItem","position":2,"name":"Planen Sie Ihren Besuch","item":"https:\/\/vilenica.com\/de\/planen-sie-ihren-besuch\/"},{"@type":"ListItem","position":3,"name":"Schulen und kinderg\u00e4rten"}]},{"@type":"WebSite","@id":"https:\/\/vilenica.com\/de\/#website","url":"https:\/\/vilenica.com\/de\/","name":"Jama Vilenica","description":"Prva turisti\u010dna jama na svetu!","publisher":{"@id":"https:\/\/vilenica.com\/de\/#organization"},"alternateName":"Vilenica Jama","potentialAction":[{"@type":"SearchAction","target":{"@type":"EntryPoint","urlTemplate":"https:\/\/vilenica.com\/de\/?s={search_term_string}"},"query-input":{"@type":"PropertyValueSpecification","valueRequired":true,"valueName":"search_term_string"}}],"inLanguage":"de"},{"@type":"Organization","@id":"https:\/\/vilenica.com\/de\/#organization","name":"Jama Vilenica","alternateName":"Vilenica Jama","url":"https:\/\/vilenica.com\/de\/","logo":{"@type":"ImageObject","inLanguage":"de","@id":"https:\/\/vilenica.com\/de\/#\/schema\/logo\/image\/","url":"https:\/\/vilenica.com\/wp-content\/uploads\/2025\/02\/vilenica-icon.svg","contentUrl":"https:\/\/vilenica.com\/wp-content\/uploads\/2025\/02\/vilenica-icon.svg","width":126,"height":126,"caption":"Jama Vilenica"},"image":{"@id":"https:\/\/vilenica.com\/de\/#\/schema\/logo\/image\/"},"sameAs":["https:\/\/www.facebook.com\/JamaVilenica\/"]}]}},"_links":{"self":[{"href":"https:\/\/vilenica.com\/de\/wp-json\/wp\/v2\/pages\/3334","targetHints":{"allow":["GET"]}}],"collection":[{"href":"https:\/\/vilenica.com\/de\/wp-json\/wp\/v2\/pages"}],"about":[{"href":"https:\/\/vilenica.com\/de\/wp-json\/wp\/v2\/types\/page"}],"author":[{"embeddable":true,"href":"https:\/\/vilenica.com\/de\/wp-json\/wp\/v2\/users\/2"}],"replies":[{"embeddable":true,"href":"https:\/\/vilenica.com\/de\/wp-json\/wp\/v2\/comments?post=3334"}],"version-history":[{"count":2,"href":"https:\/\/vilenica.com\/de\/wp-json\/wp\/v2\/pages\/3334\/revisions"}],"predecessor-version":[{"id":4019,"href":"https:\/\/vilenica.com\/de\/wp-json\/wp\/v2\/pages\/3334\/revisions\/4019"}],"up":[{"embeddable":true,"href":"https:\/\/vilenica.com\/de\/wp-json\/wp\/v2\/pages\/3219"}],"wp:attachment":[{"href":"https:\/\/vilenica.com\/de\/wp-json\/wp\/v2\/media?parent=3334"}],"curies":[{"name":"wp","href":"https:\/\/api.w.org\/{rel}","templated":true}]}}